{"id":95,"date":"2016-03-08T10:40:27","date_gmt":"2016-03-08T13:40:27","guid":{"rendered":"http:\/\/wp.df.uba.ar\/tdscti\/?page_id=95"},"modified":"2016-06-15T12:25:22","modified_gmt":"2016-06-15T15:25:22","slug":"patrocinadores","status":"publish","type":"page","link":"http:\/\/wp.df.uba.ar\/tdscti\/es\/patrocinadores\/","title":{"rendered":"Agencias Financiadoras y Auspiciantes del Taller"},"content":{"rendered":"<h2>Agradecemos el apoyo econ\u00f3mico de las instituciones que se listan a continuaci\u00f3n\u00a0para la realizaci\u00f3n del Taller:<\/h2>\n<p><a href=\"http:\/\/exactas.uba.ar\/\" target=\"_blank\">Facultad de Ciencias Exactas y Naturales, Universidad de Buenos Aires<\/a><\/p>\n<p><a href=\"http:\/\/www.conicet.gov.ar\/\" target=\"_blank\">Consejo Nacional de Investigaciones Cient\u00edficas y T\u00e9cnicas de Argentina (CONICET)<\/a><\/p>\n<p><a href=\"http:\/\/www.agencia.mincyt.gob.ar\/\" target=\"_blank\">Agencia Nacional de Promoci\u00f3n Cient\u00edfica y Tecnol\u00f3gica de Argentina (ANPCyT)<\/a><\/p>\n<p><a href=\"http:\/\/www.mincyt.gob.ar\/\">Ministerio de Ciencia, Tecnolog\u00eda e Innovaci\u00f3n Productiva, Argentina<\/a><\/p>\n<p><a href=\"http:\/\/www.uniandes.edu.co\/\" target=\"_blank\">Universidad de los Andes, Bogot\u00e1, Colombia<\/a><\/p>\n<p><a href=\"http:\/\/www.buap.mx\/\">Benem\u00e9rita Universidad Aut\u00f3noma de Puebla, M\u00e9xico<\/a><\/p>\n<p><a href=\"http:\/\/redmexciteg.org\/\">Red de Ciencia, Tecnolog\u00eda y G\u00e9nero, CONACyT, M\u00e9xico<\/a><\/p>\n<h2><\/h2>\n<h2>Agradecemos tambi\u00e9n el auspicio de:<\/h2>\n<p><a href=\"http:\/\/wgwip.df.uba.ar\/\">IUPAP Working Group on Women in Physics<\/a><\/p>\n<p><a href=\"http:\/\/www.mathunion.org\/\">International Mathematical Union<\/a><\/p>\n<p><a href=\"http:\/\/genderinsite.net\/\">GenderInSITE<\/a><\/p>\n<p><a href=\"http:\/\/www.catunescomujer.org\/catunesco_mujer\/\">C\u00e1tedra Regional UNESCO &#8220;Mujer, Ciencia y Tecnolog\u00eda en Am\u00e9rica Latina&#8221;<\/a><\/p>\n","protected":false},"excerpt":{"rendered":"<p>Agradecemos el apoyo econ\u00f3mico de las instituciones que se listan a continuaci\u00f3n\u00a0para la realizaci\u00f3n del Taller: Facultad de Ciencias Exactas y Naturales, Universidad de Buenos Aires Consejo Nacional de Investigaciones Cient\u00edficas y T\u00e9cnicas de Argentina (CONICET) Agencia Nacional de Promoci\u00f3n &hellip; <a href=\"http:\/\/wp.df.uba.ar\/tdscti\/es\/patrocinadores\/\">Sigue leyendo <span class=\"meta-nav\">&rarr;<\/span><\/a><\/p>\n","protected":false},"author":28,"featured_media":0,"parent":0,"menu_order":0,"comment_status":"closed","ping_status":"closed","template":"","meta":{"_bbp_topic_count":0,"_bbp_reply_count":0,"_bbp_total_topic_count":0,"_bbp_total_reply_count":0,"_bbp_voice_count":0,"_bbp_anonymous_reply_count":0,"_bbp_topic_count_hidden":0,"_bbp_reply_count_hidden":0,"_bbp_forum_subforum_count":0,"footnotes":""},"class_list":["post-95","page","type-page","status-publish","hentry"],"_links":{"self":[{"href":"http:\/\/wp.df.uba.ar\/tdscti\/wp-json\/wp\/v2\/pages\/95","targetHints":{"allow":["GET"]}}],"collection":[{"href":"http:\/\/wp.df.uba.ar\/tdscti\/wp-json\/wp\/v2\/pages"}],"about":[{"href":"http:\/\/wp.df.uba.ar\/tdscti\/wp-json\/wp\/v2\/types\/page"}],"author":[{"embeddable":true,"href":"http:\/\/wp.df.uba.ar\/tdscti\/wp-json\/wp\/v2\/users\/28"}],"replies":[{"embeddable":true,"href":"http:\/\/wp.df.uba.ar\/tdscti\/wp-json\/wp\/v2\/comments?post=95"}],"version-history":[{"count":1,"href":"http:\/\/wp.df.uba.ar\/tdscti\/wp-json\/wp\/v2\/pages\/95\/revisions"}],"predecessor-version":[{"id":132,"href":"http:\/\/wp.df.uba.ar\/tdscti\/wp-json\/wp\/v2\/pages\/95\/revisions\/132"}],"wp:attachment":[{"href":"http:\/\/wp.df.uba.ar\/tdscti\/wp-json\/wp\/v2\/media?parent=95"}],"curies":[{"name":"wp","href":"https:\/\/api.w.org\/{rel}","templated":true}]}}