{"id":94,"date":"2016-03-08T10:39:06","date_gmt":"2016-03-08T13:39:06","guid":{"rendered":"http:\/\/wp.df.uba.ar\/tdscti\/?page_id=94"},"modified":"2016-03-08T12:16:08","modified_gmt":"2016-03-08T15:16:08","slug":"sponsors","status":"publish","type":"page","link":"http:\/\/wp.df.uba.ar\/tdscti\/en\/sponsors\/","title":{"rendered":"Sponsors"},"content":{"rendered":"<h2>We wish to thank the following institutions for their financial support towards this workshop:<\/h2>\n<p><a href=\"http:\/\/exactas.uba.ar\/\">Facultad de Ciencias Exactas y Naturales, Universidad de Buenos Aires<\/a><\/p>\n<p><a href=\"http:\/\/www.conicet.gov.ar\/\">Consejo Nacional de Investigaciones Cient\u00edficas y T\u00e9cnicas de Argentina (CONICET)<\/a><\/p>\n<p><a href=\"http:\/\/www.agencia.mincyt.gob.ar\/\">Agencia Nacional de Promoci\u00f3n Cient\u00edfica y Tecnol\u00f3gica de Argentina (ANPCyT)<\/a><\/p>\n<h2>We also thank the support of:<\/h2>\n<p><a href=\"http:\/\/wgwip.df.uba.ar\/\">IUPAP Working Group on Women in Physics<\/a><\/p>\n<p><a href=\"http:\/\/www.mathunion.org\/\">International Mathematical Union<\/a><\/p>\n<p><a href=\"http:\/\/genderinsite.net\/\">GenderInSITE<\/a><\/p>\n<p><a href=\"http:\/\/www.catunescomujer.org\/catunesco_mujer\/\">C\u00e1tedra Regional UNESCO &#8220;Mujer, Ciencia y Tecnolog\u00eda en Am\u00e9rica Latina&#8221;<\/a><\/p>\n","protected":false},"excerpt":{"rendered":"<p>We wish to thank the following institutions for their financial support towards this workshop: Facultad de Ciencias Exactas y Naturales, Universidad de Buenos Aires Consejo Nacional de Investigaciones Cient\u00edficas y T\u00e9cnicas de Argentina (CONICET) Agencia Nacional de Promoci\u00f3n Cient\u00edfica y &hellip; <a href=\"http:\/\/wp.df.uba.ar\/tdscti\/en\/sponsors\/\">Sigue leyendo <span class=\"meta-nav\">&rarr;<\/span><\/a><\/p>\n","protected":false},"author":28,"featured_media":0,"parent":0,"menu_order":0,"comment_status":"closed","ping_status":"closed","template":"","meta":{"_bbp_topic_count":0,"_bbp_reply_count":0,"_bbp_total_topic_count":0,"_bbp_total_reply_count":0,"_bbp_voice_count":0,"_bbp_anonymous_reply_count":0,"_bbp_topic_count_hidden":0,"_bbp_reply_count_hidden":0,"_bbp_forum_subforum_count":0,"footnotes":""},"class_list":["post-94","page","type-page","status-publish","hentry"],"_links":{"self":[{"href":"http:\/\/wp.df.uba.ar\/tdscti\/wp-json\/wp\/v2\/pages\/94","targetHints":{"allow":["GET"]}}],"collection":[{"href":"http:\/\/wp.df.uba.ar\/tdscti\/wp-json\/wp\/v2\/pages"}],"about":[{"href":"http:\/\/wp.df.uba.ar\/tdscti\/wp-json\/wp\/v2\/types\/page"}],"author":[{"embeddable":true,"href":"http:\/\/wp.df.uba.ar\/tdscti\/wp-json\/wp\/v2\/users\/28"}],"replies":[{"embeddable":true,"href":"http:\/\/wp.df.uba.ar\/tdscti\/wp-json\/wp\/v2\/comments?post=94"}],"version-history":[{"count":0,"href":"http:\/\/wp.df.uba.ar\/tdscti\/wp-json\/wp\/v2\/pages\/94\/revisions"}],"wp:attachment":[{"href":"http:\/\/wp.df.uba.ar\/tdscti\/wp-json\/wp\/v2\/media?parent=94"}],"curies":[{"name":"wp","href":"https:\/\/api.w.org\/{rel}","templated":true}]}}