{"id":87,"date":"2016-03-08T09:54:21","date_gmt":"2016-03-08T12:54:21","guid":{"rendered":"http:\/\/wp.df.uba.ar\/tdscti\/?page_id=87"},"modified":"2016-06-21T14:23:20","modified_gmt":"2016-06-21T17:23:20","slug":"inicio","status":"publish","type":"page","link":"http:\/\/wp.df.uba.ar\/tdscti\/es\/inicio\/","title":{"rendered":"Inicio"},"content":{"rendered":"<h1 style=\"text-align: center\"><strong>Taller de Habilidades Profesionales para J\u00f3venes Cient\u00edficas y Estudiantes de Ciencias Latinoamericanas<\/strong><\/h1>\n<h2 style=\"text-align: center\">Hacia un\u00a0Di\u00e1logo de Saberes en Ciencia, Tecnolog\u00eda e Innovaci\u00f3n<\/h2>\n<h3 style=\"text-align: center\">Facultad de Ciencias Exactas y Naturales, Universidad de Buenos Aires<\/h3>\n<h3 style=\"text-align: center\">Buenos Aires, Argentina<\/h3>\n<h3 style=\"text-align: center\">12-15 de Julio de 2016<\/h3>\n<p>El presente taller que tendr\u00e1 lugar en Buenos Aires, Argentina, entre el 12 y el 15 de julio de 2016 es continuaci\u00f3n del I Taller de Habilidades Profesionales para J\u00f3venes Cient\u00edficas que tuvo lugar en Puebla, M\u00e9xico, del 30 de julio al 2 de agosto de 2014 (<a href=\"http:\/\/mctp.mx\/e_habilidades_profesionales.html\">http:\/\/mctp.mx\/e_habilidades_profesionales.html<\/a>) y del II Taller que tuvo lugar\u00a0en Cuernavaca, M\u00e9xico,\u00a0en 2015 (<span style=\"color: #1155cc\"><a href=\"http:\/\/www.ifuap.buap.mx\/eventos\/II_THPJC\/\">http:\/\/www.ifuap.buap.mx\/eventos\/II_THPJC<\/a><\/span>).<\/p>\n<p>El mismo est\u00e1 destinado principalmente a estudiantes de post-grado \u00a0e investigadoras\u00a0latinoamericanas del \u00e1rea de STEM que se encuentran en las etapas tempranas de sus carreras profesionales, en particular, para aqu\u00e9llas que estudian o investigan en disciplinas como f\u00edsica, matem\u00e1tica, ciencias de la computaci\u00f3n, qu\u00edmica f\u00edsica, ciencias de la Tierra e ingenier\u00eda, donde la participaci\u00f3n de las mujeres es minoritaria. Las personas no encuadradas dentro de esta descripci\u00f3n tambi\u00e9n podr\u00e1n participar de las charlas y de las mesas redondas. Su participaci\u00f3n en los talleres de discusi\u00f3n depender\u00e1 del n\u00famero total de participantes.\u00a0Los objetivos del Taller son:<\/p>\n<ul>\n<li>Contribuir a una mayor participaci\u00f3n de las mujeres en la ciencia, potenciando sus capacidades.<\/li>\n<li>Proporcionar a j\u00f3venes cient\u00edficas latinoamericanas herramientas \u00fatiles para un desempe\u00f1o exitoso en sus carreras.<\/li>\n<li>Brindar la oportunidad de di\u00e1logo con investigadoras consolidadas para aprender de su experiencia en el trabajo en el ambiente cient\u00edfico\u00a0y con investigadores de las ciencias sociales que estudian distintos aspectos de la relaci\u00f3n entre ciencia y g\u00e9nero.<\/li>\n<li>Fomentar colaboraciones en la regi\u00f3n latinoamericana que ayuden e impulsen el desarrollo de\u00a0investigaciones multidisciplinarias.<\/li>\n<\/ul>\n<p>No se deber\u00e1 pagar tasa de inscripci\u00f3n para asistir al Taller. Para poder organizar mejor las distintas actividades solicitamos a todos los interesados que se inscriban en:\u00a0<a href=\"http:\/\/wp.df.uba.ar\/tdscti\/es\/wpgforms\/formulario-de-inscripcion\/\">http:\/\/wp.df.uba.ar\/tdscti\/wpgforms\/formulario-de-inscripcion\/<\/a>. Aunque a\u00fan no sabemos con cu\u00e1ntos fondos contaremos tenemos la intenci\u00f3n de brindar apoyo econ\u00f3mico para j\u00f3venes cient\u00edficas o estudiantes de doctorado del \u00e1rea de ciencias exactas y naturales o ingenier\u00eda que quieran asistir y se encuentren lejos de Buenos Aires, tanto dentro de Argentina como en otros pa\u00edses latinoamericanos. Para tal fin, quienes quieran solicitar ayuda deber\u00e1n hacerlo <strong>antes del 30 de abril<\/strong> a trav\u00e9s de la p\u00e1gina de inscripci\u00f3n antes mencionada.<\/p>\n<p>Para m\u00e1s informaci\u00f3n, por favor contactar a Silvina Ponce Dawson (silvina at df.uba.ar) usando el texto\u00a0&#8220;Taller de dialogo&#8221; en el asunto del mensaje.<\/p>\n<p><a href=\"http:\/\/wp.df.uba.ar\/tdscti\/es\/programa\/\">Programa tentativo<\/a><\/p>\n<p><a href=\"http:\/\/wp.df.uba.ar\/tdscti\/es\/charlistas-y-panelistas-invitadas\/\">Charlistas, panelistas y coordinadoras de talleres<\/a><\/p>\n<p><a href=\"http:\/\/wp.df.uba.ar\/tdscti\/es\/temas-para-la-discusion\/\">Temas de discusi\u00f3n<\/a><\/p>\n<p><a href=\"http:\/\/wp.df.uba.ar\/tdscti\/es\/sesion-de-posters\/\">Sesi\u00f3n de posters<\/a><\/p>\n<p><a href=\"http:\/\/wp.df.uba.ar\/tdscti\/es\/ayuda-economica\/\">Ayuda econ\u00f3mica<\/a><\/p>\n<p><a href=\"http:\/\/wp.df.uba.ar\/tdscti\/es\/comite-organizador\/\">Comit\u00e9 Organizador<\/a><\/p>\n<p><a href=\"http:\/\/wp.df.uba.ar\/tdscti\/es\/patrocinadores\/\">Agencias financiadoras y auspiciantes del Taller<\/a><\/p>\n<p><a href=\"http:\/\/wp.df.uba.ar\/tdscti\/es\/wpgforms\/formulario-de-inscripcion\/\">Inscribirse<\/a><\/p>\n<p><a href=\"http:\/\/wp.df.uba.ar\/tdscti\/es\/lugar-del-evento\/\" target=\"_blank\">Lugar del evento e informaci\u00f3n general<\/a><\/p>\n","protected":false},"excerpt":{"rendered":"<p>Taller de Habilidades Profesionales para J\u00f3venes Cient\u00edficas y Estudiantes de Ciencias Latinoamericanas Hacia un\u00a0Di\u00e1logo de Saberes en Ciencia, Tecnolog\u00eda e Innovaci\u00f3n Facultad de Ciencias Exactas y Naturales, Universidad de Buenos Aires Buenos Aires, Argentina 12-15 de Julio de 2016 El &hellip; <a href=\"http:\/\/wp.df.uba.ar\/tdscti\/es\/inicio\/\">Sigue leyendo <span class=\"meta-nav\">&rarr;<\/span><\/a><\/p>\n","protected":false},"author":28,"featured_media":0,"parent":0,"menu_order":0,"comment_status":"closed","ping_status":"closed","template":"","meta":{"_bbp_topic_count":0,"_bbp_reply_count":0,"_bbp_total_topic_count":0,"_bbp_total_reply_count":0,"_bbp_voice_count":0,"_bbp_anonymous_reply_count":0,"_bbp_topic_count_hidden":0,"_bbp_reply_count_hidden":0,"_bbp_forum_subforum_count":0,"footnotes":""},"class_list":["post-87","page","type-page","status-publish","hentry"],"_links":{"self":[{"href":"http:\/\/wp.df.uba.ar\/tdscti\/wp-json\/wp\/v2\/pages\/87","targetHints":{"allow":["GET"]}}],"collection":[{"href":"http:\/\/wp.df.uba.ar\/tdscti\/wp-json\/wp\/v2\/pages"}],"about":[{"href":"http:\/\/wp.df.uba.ar\/tdscti\/wp-json\/wp\/v2\/types\/page"}],"author":[{"embeddable":true,"href":"http:\/\/wp.df.uba.ar\/tdscti\/wp-json\/wp\/v2\/users\/28"}],"replies":[{"embeddable":true,"href":"http:\/\/wp.df.uba.ar\/tdscti\/wp-json\/wp\/v2\/comments?post=87"}],"version-history":[{"count":0,"href":"http:\/\/wp.df.uba.ar\/tdscti\/wp-json\/wp\/v2\/pages\/87\/revisions"}],"wp:attachment":[{"href":"http:\/\/wp.df.uba.ar\/tdscti\/wp-json\/wp\/v2\/media?parent=87"}],"curies":[{"name":"wp","href":"https:\/\/api.w.org\/{rel}","templated":true}]}}