{"id":24,"date":"2016-02-23T18:25:04","date_gmt":"2016-02-23T18:25:04","guid":{"rendered":"http:\/\/wp.df.uba.ar\/tdscti\/?page_id=24"},"modified":"2016-03-08T12:49:04","modified_gmt":"2016-03-08T15:49:04","slug":"sesion-de-posters","status":"publish","type":"page","link":"http:\/\/wp.df.uba.ar\/tdscti\/es\/sesion-de-posters\/","title":{"rendered":"Sesi\u00f3n de posters"},"content":{"rendered":"<p>Durante la realizaci\u00f3n del Taller las\u00a0estudiantes de doctorado\u00a0o investigadoras\u00a0en etapas tempranas de su carrera podr\u00e1n presentar el resultado de sus investigaciones en forma de p\u00f3ster. De este modo tendr\u00e1n oportunidad de intercambiar ideas con todos los asistentes.<\/p>\n<p>Quienes quieran presentar un p\u00f3ster\u00a0deber\u00e1n hacerlo a trav\u00e9s de la p\u00e1gina de inscripciones:\u00a0<a href=\"http:\/\/wp.df.uba.ar\/tdscti\/es\/wpgforms\/formulario-de-inscripcion\/\">http:\/\/wp.df.uba.ar\/tdscti\/es\/wpgforms\/formulario-de-inscripcion\/<\/a><\/p>\n<p>Independientemente de la presentaci\u00f3n, ser\u00e1 necesario registrarse en la p\u00e1gina: <a href=\"http:\/\/wp.df.uba.ar\/tdscti\/es\/wpgforms\/formulario-de-inscripcion\/\">http:\/\/wp.df.uba.ar\/tdscti\/es\/wpgforms\/formulario-de-inscripcion\/<\/a> para participar del taller.<\/p>\n","protected":false},"excerpt":{"rendered":"<p>Durante la realizaci\u00f3n del Taller las\u00a0estudiantes de doctorado\u00a0o investigadoras\u00a0en etapas tempranas de su carrera podr\u00e1n presentar el resultado de sus investigaciones en forma de p\u00f3ster. De este modo tendr\u00e1n oportunidad de intercambiar ideas con todos los asistentes. Quienes quieran presentar &hellip; <a href=\"http:\/\/wp.df.uba.ar\/tdscti\/es\/sesion-de-posters\/\">Sigue leyendo <span class=\"meta-nav\">&rarr;<\/span><\/a><\/p>\n","protected":false},"author":23,"featured_media":0,"parent":0,"menu_order":0,"comment_status":"closed","ping_status":"closed","template":"","meta":{"_bbp_topic_count":0,"_bbp_reply_count":0,"_bbp_total_topic_count":0,"_bbp_total_reply_count":0,"_bbp_voice_count":0,"_bbp_anonymous_reply_count":0,"_bbp_topic_count_hidden":0,"_bbp_reply_count_hidden":0,"_bbp_forum_subforum_count":0,"footnotes":""},"class_list":["post-24","page","type-page","status-publish","hentry"],"_links":{"self":[{"href":"http:\/\/wp.df.uba.ar\/tdscti\/wp-json\/wp\/v2\/pages\/24","targetHints":{"allow":["GET"]}}],"collection":[{"href":"http:\/\/wp.df.uba.ar\/tdscti\/wp-json\/wp\/v2\/pages"}],"about":[{"href":"http:\/\/wp.df.uba.ar\/tdscti\/wp-json\/wp\/v2\/types\/page"}],"author":[{"embeddable":true,"href":"http:\/\/wp.df.uba.ar\/tdscti\/wp-json\/wp\/v2\/users\/23"}],"replies":[{"embeddable":true,"href":"http:\/\/wp.df.uba.ar\/tdscti\/wp-json\/wp\/v2\/comments?post=24"}],"version-history":[{"count":2,"href":"http:\/\/wp.df.uba.ar\/tdscti\/wp-json\/wp\/v2\/pages\/24\/revisions"}],"predecessor-version":[{"id":116,"href":"http:\/\/wp.df.uba.ar\/tdscti\/wp-json\/wp\/v2\/pages\/24\/revisions\/116"}],"wp:attachment":[{"href":"http:\/\/wp.df.uba.ar\/tdscti\/wp-json\/wp\/v2\/media?parent=24"}],"curies":[{"name":"wp","href":"https:\/\/api.w.org\/{rel}","templated":true}]}}