{"id":2,"date":"2015-12-28T14:35:09","date_gmt":"2015-12-28T14:35:09","guid":{"rendered":"http:\/\/wp.df.uba.ar\/tdscti\/?page_id=2"},"modified":"2016-07-05T14:59:19","modified_gmt":"2016-07-05T17:59:19","slug":"programa","status":"publish","type":"page","link":"http:\/\/wp.df.uba.ar\/tdscti\/es\/programa\/","title":{"rendered":"Programa"},"content":{"rendered":"<table style=\"height: 1731px;border-color: #000000\" border=\"rgb(0, 0, 0)\" width=\"824\" cellspacing=\"0\" cellpadding=\"5\">\n<tbody>\n<tr>\n<td style=\"border-color: #000000;background-color: #8ce7ed\" valign=\"top\"><span style=\"color: #000000;font-family: Arial;font-size: medium\">Hora<\/span><\/td>\n<td style=\"border-color: #000000;background-color: #ecf2df\" valign=\"top\"><span style=\"color: #000000;font-family: Arial;font-size: medium\">Martes 12\/7<\/span><\/td>\n<td style=\"border-color: #000000;background-color: #f2ebb6\" valign=\"top\"><span style=\"color: #000000;font-family: Arial;font-size: medium\">Mi\u00e9rcoles 13\/7<\/span><\/td>\n<td style=\"border-color: #000000;background-color: #d5f7bc\" valign=\"top\"><span style=\"color: #000000;font-family: Arial;font-size: medium\">Jueves 14\/7<\/span><\/td>\n<td style=\"border-color: #000000;background-color: #a8f0cb\" valign=\"top\"><span style=\"color: #000000;font-family: Arial;font-size: medium\">Viernes 15\/7<\/span><\/td>\n<\/tr>\n<tr>\n<td style=\"border-color: #000000;background-color: #8ce7ed\" valign=\"top\"><span style=\"color: #000000;font-family: Arial;font-size: medium\">9:00-10:00<\/span><\/td>\n<td style=\"border-color: #000000;background-color: #ecf2df\" valign=\"top\"><\/td>\n<td style=\"border-color: #000000;background-color: #f2ebb6\" valign=\"top\"><span style=\"color: #000000;font-family: Arial;font-size: medium\"><span style=\"color: #000000;font-family: Arial;font-size: medium\"><span style=\"color: #000000;font-family: Arial;font-size: medium\">Charla: &#8220;<\/span><\/span><\/span><span style=\"color: #000000;font-family: Arial;font-size: medium\"><span style=\"color: #000000;font-family: Arial;font-size: medium\">Desde la F\u00edsica del Clima a su Construcci\u00f3n Social&#8221;,\u00a0<\/span><\/span><span style=\"color: #000000;font-family: Arial;font-size: medium\">Carolina Vera<\/span><\/td>\n<td style=\"border-color: #000000;background-color: #d5f7bc\" valign=\"top\"><span style=\"color: #000000;font-family: Arial;font-size: medium\">Charla 3 (Magaly Blas)<\/span><\/td>\n<td style=\"border-color: #000000;background-color: #a8f0cb\" valign=\"top\"><span style=\"color: #000000;font-family: Arial;font-size: medium\"><span style=\"color: #000000;font-family: Arial;font-size: medium\">Charla: &#8220;<\/span><\/span><span style=\"color: #000000;font-family: Arial;font-size: medium\">Propuestas de innovaci\u00f3n de la \u00a0educaci\u00f3n en ciencia y tecnolog\u00eda: la b\u00fasqueda de &#8220;la soluci\u00f3n&#8221; y el encuentro de nuevos problemas&#8221;, Gloria Bonder<\/span><\/td>\n<\/tr>\n<tr>\n<td style=\"border-color: #000000;background-color: #8ce7ed\" valign=\"top\"><span style=\"color: #000000;font-family: Arial;font-size: medium\">10:00-10:30<\/span><\/td>\n<td style=\"border-color: #000000;background-color: #ecf2df\" valign=\"top\"><\/td>\n<td style=\"border-color: #000000;background-color: #f2ebb6\" rowspan=\"2\" valign=\"top\"><span style=\"color: #000000;font-family: Arial;font-size: medium\"><span style=\"color: #000000;font-family: Arial;font-size: medium\">Charla: &#8220;<\/span><\/span><span style=\"color: #000000;font-family: Arial;font-size: medium\">Presiones cruzadas: entre la ciencia y la familia&#8221;, Elizabeth Jelin<\/span><\/td>\n<td style=\"border-color: #000000;background-color: #d5f7bc\" rowspan=\"2\" valign=\"top\"><span style=\"color: #000000;font-family: Arial;font-size: medium\">Charla 4 (Roc\u00edo Duque)<\/span><\/td>\n<td style=\"border-color: #000000;background-color: #a8f0cb\" valign=\"top\"><span style=\"color: #000000;font-family: Arial;font-size: medium\">Caf\u00e9<\/span><\/td>\n<\/tr>\n<tr>\n<td style=\"border-color: #000000;background-color: #8ce7ed\" valign=\"top\"><span style=\"color: #000000;font-family: Arial;font-size: medium\">10:30-11:00<\/span><\/td>\n<td style=\"border-color: #000000;background-color: #ecf2df\" valign=\"top\"><\/td>\n<td style=\"border-color: #000000;background-color: #a8f0cb\" rowspan=\"3\" valign=\"top\"><span style=\"color: #000000;font-family: Arial;font-size: medium\">Mesa redonda Ense\u00f1anza de la ciencia con perspectiva de g\u00e9nero. Panelistas: Graciela Morgade, Luc\u00eda Pedraza, Andrea Gamarnik, Juan Carlos Reboreda. Modera: Alba Avila<\/span><\/td>\n<\/tr>\n<tr>\n<td style=\"border-color: #000000;background-color: #8ce7ed\" valign=\"top\"><span style=\"color: #000000;font-family: Arial;font-size: medium\">11:00-11.30<\/span><\/td>\n<td style=\"border-color: #000000;background-color: #ecf2df\" valign=\"top\"><\/td>\n<td style=\"border-color: #000000;background-color: #f2ebb6\" valign=\"top\"><span style=\"color: #000000;font-family: Arial;font-size: medium\">Caf\u00e9<\/span><\/td>\n<td style=\"border-color: #000000;background-color: #d5f7bc\" valign=\"top\"><span style=\"color: #000000;font-family: Arial;font-size: medium\">Caf\u00e9<\/span><\/td>\n<\/tr>\n<tr>\n<td style=\"border-color: #000000;background-color: #8ce7ed\" valign=\"top\"><span style=\"color: #000000;font-family: Arial;font-size: medium\">11.30-12.30<\/span><\/td>\n<td style=\"border-color: #000000;background-color: #ecf2df\" valign=\"top\"><\/td>\n<td style=\"border-color: #000000;background-color: #f2ebb6\" valign=\"top\"><span style=\"color: #000000;font-family: Arial;font-size: medium\">Presentaci\u00f3n participantes<\/span><\/td>\n<td style=\"border-color: #000000;background-color: #d5f7bc\" valign=\"top\"><span style=\"color: #000000;font-family: Arial;font-size: medium\">Charla sobre colaboraciones en Latinoam\u00e9rica en el marco del CELFI (Vera Brudny)<\/span><\/td>\n<\/tr>\n<tr>\n<td style=\"border-color: #000000;background-color: #8ce7ed\" valign=\"top\"><span style=\"color: #000000;font-family: Arial;font-size: medium\">12.30-13.30<\/span><\/td>\n<td style=\"border-color: #000000;background-color: #ecf2df\" valign=\"top\"><\/td>\n<td style=\"border-color: #000000;background-color: #f2ebb6\" rowspan=\"2\" valign=\"top\"><span style=\"color: #000000;font-family: Arial;font-size: medium\">Almuerzo\/posters<\/span><\/td>\n<td style=\"border-color: #000000;background-color: #d5f7bc\" rowspan=\"2\" valign=\"top\"><span style=\"color: #000000;font-family: Arial;font-size: medium\">Almuerzo \/posters<\/span><\/td>\n<td style=\"border-color: #000000;background-color: #a8f0cb\" valign=\"top\"><span style=\"color: #000000;font-family: Arial;font-size: medium\">Almuerzo<\/span><\/td>\n<\/tr>\n<tr>\n<td style=\"border-color: #000000;background-color: #8ce7ed\" valign=\"top\"><span style=\"color: #000000;font-family: Arial;font-size: medium\">13.30-14.00<\/span><\/td>\n<td style=\"border-color: #000000;background-color: #ecf2df\" valign=\"top\"><\/td>\n<td style=\"border-color: #000000;background-color: #a8f0cb\" rowspan=\"2\" valign=\"top\"><span style=\"color: #000000;font-family: Arial;font-size: medium\">Charla: &#8220;Haciendo visible lo invisible&#8221;, \u00a0Alicia Dickenstein<\/span><\/td>\n<\/tr>\n<tr>\n<td style=\"border-color: #000000;background-color: #8ce7ed\" valign=\"top\"><span style=\"color: #000000;font-family: Arial;font-size: medium\">14:00-14:30<\/span><\/td>\n<td style=\"border-color: #000000;background-color: #ecf2df\" valign=\"top\"><\/td>\n<td style=\"border-color: #000000;background-color: #f2ebb6\" rowspan=\"3\" valign=\"top\"><span style=\"color: #000000;font-family: Arial;font-size: medium\">Mesa redonda Equidad de g\u00e9nero en instituciones cient\u00edficas y acad\u00e9micas. Panelistas: Dora Barrancos, M\u00f3nica Pinto*, Andrea Peralta, Roc\u00edo Duque. Modera: Sara Aldabe<\/span><\/td>\n<td style=\"border-color: #000000;background-color: #d5f7bc\" rowspan=\"2\" valign=\"top\"><span style=\"color: #000000;font-family: Helvetica;font-size: medium\">Grupos de discusi\u00f3n<\/span><\/td>\n<\/tr>\n<tr>\n<td style=\"border-color: #000000;background-color: #8ce7ed\" valign=\"top\"><span style=\"color: #000000;font-family: Arial;font-size: medium\">14:30-15:30<\/span><\/td>\n<td style=\"border-color: #000000;background-color: #ecf2df\" valign=\"top\"><\/td>\n<td style=\"border-color: #000000;background-color: #a8f0cb\" rowspan=\"3\" valign=\"top\"><span style=\"color: #000000;font-family: Arial;font-size: medium\">Discusi\u00f3n final. Conclusiones<\/span><\/td>\n<\/tr>\n<tr>\n<td style=\"border-color: #000000;background-color: #8ce7ed\" valign=\"top\"><span style=\"color: #000000;font-family: Arial;font-size: medium\">15:30-16:00<\/span><\/td>\n<td style=\"border-color: #000000;background-color: #ecf2df\" valign=\"top\"><\/td>\n<td style=\"border-color: #000000;background-color: #d5f7bc\" valign=\"top\"><span style=\"color: #000000;font-family: Arial;font-size: medium\">Caf\u00e9<\/span><\/td>\n<\/tr>\n<tr>\n<td style=\"border-color: #000000;background-color: #8ce7ed\" valign=\"top\"><span style=\"color: #000000;font-family: Arial;font-size: medium\">16:00-16:30<\/span><\/td>\n<td style=\"border-color: #000000;background-color: #ecf2df\" valign=\"top\"><\/td>\n<td style=\"border-color: #000000;background-color: #f2ebb6\" valign=\"top\"><span style=\"color: #000000;font-family: Helvetica;font-size: medium\">Caf\u00e9<\/span><\/td>\n<td style=\"border-color: #000000;background-color: #d5f7bc\" rowspan=\"3\" valign=\"top\"><span style=\"color: #000000;font-family: Arial;font-size: medium\">Taller de escritura de papers (Aula 212, 2o piso)<\/span><\/p>\n<p><span style=\"color: #000000;font-family: Helvetica;font-size: medium\">(Susana Gallardo)<\/span><\/td>\n<\/tr>\n<tr>\n<td style=\"border-color: #000000;background-color: #8ce7ed\" valign=\"top\"><span style=\"color: #000000;font-family: Arial;font-size: medium\">16:30-17:00<\/span><\/td>\n<td style=\"border-color: #000000;background-color: #ecf2df\" valign=\"top\"><\/td>\n<td style=\"border-color: #000000;background-color: #f2ebb6\" valign=\"top\"><span style=\"color: #000000;font-family: Helvetica;font-size: medium\">Grupos de discusi\u00f3n<\/span><\/td>\n<td style=\"border-color: #000000;background-color: #a8f0cb\" valign=\"top\"><span style=\"color: #000000;font-family: Arial;font-size: medium\">Cierre<\/span><\/td>\n<\/tr>\n<tr>\n<td style=\"border-color: #000000;background-color: #8ce7ed\" valign=\"top\"><span style=\"color: #333333;font-family: Arial;font-size: medium\">17:00-18:30<\/span><\/td>\n<td style=\"border-color: #000000;background-color: #ecf2df\" valign=\"top\"><span style=\"color: #333333;font-family: Arial;font-size: medium\"><span style=\"color: #333333;font-family: Arial;font-size: medium\">Inscripci\u00f3n, inauguraci\u00f3n, recepci\u00f3n, charla inaugural &#8220;Las f\u00edsicas y la <a href=\"http:\/\/redmexciteg.org\/\">red\u00a0<\/a><\/span><\/span><span style=\"color: #333333;font-family: Arial;font-size: medium\"><a href=\"http:\/\/redmexciteg.org\/\">MEXCITEG<\/a>&#8221; Lilia Meza Montes<\/span><\/td>\n<td style=\"border-color: #000000;background-color: #f2ebb6\" valign=\"top\"><\/td>\n<td style=\"border-color: #000000;background-color: #a8f0cb\" valign=\"top\"><\/td>\n<\/tr>\n<\/tbody>\n<\/table>\n<p>*Participaci\u00f3n a confirmar<\/p>\n<p>Las charlas estar\u00e1n a cargo de Alicia Dickenstein, Gloria Bonder, Carolina Vera, Elizabeth Jelin, Lilia Meza-Montes,\u00a0Roc\u00edo Duque Santa Mar\u00eda\u00a0y\u00a0Magaly Blas.\u00a0Habr\u00e1 adem\u00e1s una charla informativa sobre posibilidades de colaboraci\u00f3n entre pa\u00edses latinoamericanos a cargo de Vera Brudny. Para m\u00e1s informaci\u00f3n vea la lista de <a href=\"http:\/\/wp.df.uba.ar\/tdscti\/es\/charlistas-y-panelistas-invitadas\/\">charlistas invitadas<\/a>. Todas las charlas tendr\u00e1n lugar en el Aula 6 ubicada en el primer subsuelo del\u00a0Pabell\u00f3n II de Ciudad Universitaria.<\/p>\n<p>Habr\u00e1 dos mesas redondas, una sobre &#8220;Equidad de g\u00e9nero en instituciones cient\u00edficas y acad\u00e9micas: medidas para avanzar&#8221; y otra sobre &#8220;Ense\u00f1anza de la ciencia con perspectiva de g\u00e9nero&#8221;. Participar\u00e1n de las mesas redondas Dora Barrancos, Graciela Morgade, Juan Carlos Reboreda, Luc\u00eda Pedraza, Andrea Peralta, Andrea Gamarnik, M\u00f3nica Pinto (a confirmar)\u00a0charlistas y organizadoras. Ambas mesas tendr\u00e1n lugar en el Aula 6 del Pabell\u00f3n II de Ciudad Universitaria.<\/p>\n<p>Habr\u00e1 un <a href=\"http:\/\/wp.df.uba.ar\/tdscti\/es\/taller-de-escritura-de-papers\/\" target=\"_blank\">Taller de escritura de papers<\/a> a cargo de Susana Gallardo que tendr\u00e1 lugar en el Aula 212 ubicada en el segundo piso del Pabell\u00f3n II de Ciudad Universitaria. Quienes asistan a este taller deben hacer algunas tareas previas como se describe en la <a href=\"http:\/\/wp.df.uba.ar\/tdscti\/es\/taller-de-escritura-de-papers\/\" target=\"_blank\">p\u00e1gina del Taller.<\/a>\u00a0Pr\u00f3ximamente confirmaremos\u00a0por mail la participaci\u00f3n de los inscriptos al Taller.<\/p>\n<p>Habr\u00e1 foros para discutir diversos temas, en particular, los abordados en las mesas redondas. El objetivo es generar un listado de propuestas concretas que los participantes puedan presentar en los \u00e1mbitos que correspondan. Para la discusi\u00f3n nos dividiremos en grupos y usaremos adem\u00e1s del Aula 6, las Aulas 111, 112 y 113 ubicadas en el primer piso del Pabell\u00f3n II.<\/p>\n<p>Para facilitar la posibilidad de colaboraciones futuras habr\u00e1 una <a href=\"http:\/\/wp.df.uba.ar\/tdscti\/es\/sesion-de-posters\/\">sesi\u00f3n de posters<\/a> donde los participantes podr\u00e1n presentar sus trabajos de investigaci\u00f3n.<\/p>\n","protected":false},"excerpt":{"rendered":"<p>Hora Martes 12\/7 Mi\u00e9rcoles 13\/7 Jueves 14\/7 Viernes 15\/7 9:00-10:00 Charla: &#8220;Desde la F\u00edsica del Clima a su Construcci\u00f3n Social&#8221;,\u00a0Carolina Vera Charla 3 (Magaly Blas) Charla: &#8220;Propuestas de innovaci\u00f3n de la \u00a0educaci\u00f3n en ciencia y tecnolog\u00eda: la b\u00fasqueda de &#8220;la &hellip; <a href=\"http:\/\/wp.df.uba.ar\/tdscti\/es\/programa\/\">Sigue leyendo <span class=\"meta-nav\">&rarr;<\/span><\/a><\/p>\n","protected":false},"author":23,"featured_media":0,"parent":0,"menu_order":0,"comment_status":"closed","ping_status":"open","template":"","meta":{"_bbp_topic_count":0,"_bbp_reply_count":0,"_bbp_total_topic_count":0,"_bbp_total_reply_count":0,"_bbp_voice_count":0,"_bbp_anonymous_reply_count":0,"_bbp_topic_count_hidden":0,"_bbp_reply_count_hidden":0,"_bbp_forum_subforum_count":0,"footnotes":""},"class_list":["post-2","page","type-page","status-publish","hentry"],"_links":{"self":[{"href":"http:\/\/wp.df.uba.ar\/tdscti\/wp-json\/wp\/v2\/pages\/2","targetHints":{"allow":["GET"]}}],"collection":[{"href":"http:\/\/wp.df.uba.ar\/tdscti\/wp-json\/wp\/v2\/pages"}],"about":[{"href":"http:\/\/wp.df.uba.ar\/tdscti\/wp-json\/wp\/v2\/types\/page"}],"author":[{"embeddable":true,"href":"http:\/\/wp.df.uba.ar\/tdscti\/wp-json\/wp\/v2\/users\/23"}],"replies":[{"embeddable":true,"href":"http:\/\/wp.df.uba.ar\/tdscti\/wp-json\/wp\/v2\/comments?post=2"}],"version-history":[{"count":2,"href":"http:\/\/wp.df.uba.ar\/tdscti\/wp-json\/wp\/v2\/pages\/2\/revisions"}],"predecessor-version":[{"id":138,"href":"http:\/\/wp.df.uba.ar\/tdscti\/wp-json\/wp\/v2\/pages\/2\/revisions\/138"}],"wp:attachment":[{"href":"http:\/\/wp.df.uba.ar\/tdscti\/wp-json\/wp\/v2\/media?parent=2"}],"curies":[{"name":"wp","href":"https:\/\/api.w.org\/{rel}","templated":true}]}}