{"id":16,"date":"2016-02-23T16:46:52","date_gmt":"2016-02-23T16:46:52","guid":{"rendered":"http:\/\/wp.df.uba.ar\/tdscti\/?page_id=16"},"modified":"2016-03-08T12:46:56","modified_gmt":"2016-03-08T15:46:56","slug":"ayuda-economica","status":"publish","type":"page","link":"http:\/\/wp.df.uba.ar\/tdscti\/es\/ayuda-economica\/","title":{"rendered":"Ayuda Econ\u00f3mica"},"content":{"rendered":"<p>Esperamos contar con fondos para contribuir a la participaci\u00f3n de mujeres estudiantes de doctorado\u00a0o cient\u00edficas en etapas tempranas de su carrera de las \u00e1reas de ciencias exactas y naturales e ingenier\u00eda de zonas alejadas de Buenos Aires, tanto de Argentina como de otros pa\u00edses latinoamericanos. No sabemos a\u00fan con cu\u00e1nto dinero podremos contar para este fin.<\/p>\n<p>Quienes quieran solicitar ayuda deber\u00e1n hacerlo <strong>antes del 30 de abril<\/strong> trav\u00e9s de la p\u00e1gina de inscripciones:\u00a0<a href=\"http:\/\/wp.df.uba.ar\/tdscti\/es\/wpgforms\/formulario-de-inscripcion\/\">http:\/\/wp.df.uba.ar\/tdscti\/es\/wpgforms\/formulario-de-inscripcion\/<\/a><\/p>\n<p>Independientemente de la ayuda, ser\u00e1 necesario registrarse en la p\u00e1gina: <a href=\"http:\/\/wp.df.uba.ar\/tdscti\/es\/wpgforms\/formulario-de-inscripcion\/\">http:\/\/wp.df.uba.ar\/tdscti\/es\/wpgforms\/formulario-de-inscripcion\/<\/a> para participar del taller aunque no se deber\u00e1\u00a0pagar tasa de inscripci\u00f3n.<\/p>\n","protected":false},"excerpt":{"rendered":"<p>Esperamos contar con fondos para contribuir a la participaci\u00f3n de mujeres estudiantes de doctorado\u00a0o cient\u00edficas en etapas tempranas de su carrera de las \u00e1reas de ciencias exactas y naturales e ingenier\u00eda de zonas alejadas de Buenos Aires, tanto de Argentina &hellip; <a href=\"http:\/\/wp.df.uba.ar\/tdscti\/es\/ayuda-economica\/\">Sigue leyendo <span class=\"meta-nav\">&rarr;<\/span><\/a><\/p>\n","protected":false},"author":23,"featured_media":0,"parent":0,"menu_order":0,"comment_status":"closed","ping_status":"closed","template":"","meta":{"_bbp_topic_count":0,"_bbp_reply_count":0,"_bbp_total_topic_count":0,"_bbp_total_reply_count":0,"_bbp_voice_count":0,"_bbp_anonymous_reply_count":0,"_bbp_topic_count_hidden":0,"_bbp_reply_count_hidden":0,"_bbp_forum_subforum_count":0,"footnotes":""},"class_list":["post-16","page","type-page","status-publish","hentry"],"_links":{"self":[{"href":"http:\/\/wp.df.uba.ar\/tdscti\/wp-json\/wp\/v2\/pages\/16","targetHints":{"allow":["GET"]}}],"collection":[{"href":"http:\/\/wp.df.uba.ar\/tdscti\/wp-json\/wp\/v2\/pages"}],"about":[{"href":"http:\/\/wp.df.uba.ar\/tdscti\/wp-json\/wp\/v2\/types\/page"}],"author":[{"embeddable":true,"href":"http:\/\/wp.df.uba.ar\/tdscti\/wp-json\/wp\/v2\/users\/23"}],"replies":[{"embeddable":true,"href":"http:\/\/wp.df.uba.ar\/tdscti\/wp-json\/wp\/v2\/comments?post=16"}],"version-history":[{"count":2,"href":"http:\/\/wp.df.uba.ar\/tdscti\/wp-json\/wp\/v2\/pages\/16\/revisions"}],"predecessor-version":[{"id":115,"href":"http:\/\/wp.df.uba.ar\/tdscti\/wp-json\/wp\/v2\/pages\/16\/revisions\/115"}],"wp:attachment":[{"href":"http:\/\/wp.df.uba.ar\/tdscti\/wp-json\/wp\/v2\/media?parent=16"}],"curies":[{"name":"wp","href":"https:\/\/api.w.org\/{rel}","templated":true}]}}