{"id":133,"date":"2016-06-21T13:53:51","date_gmt":"2016-06-21T16:53:51","guid":{"rendered":"http:\/\/wp.df.uba.ar\/tdscti\/?page_id=133"},"modified":"2016-06-21T14:21:13","modified_gmt":"2016-06-21T17:21:13","slug":"lugar-del-evento","status":"publish","type":"page","link":"http:\/\/wp.df.uba.ar\/tdscti\/es\/lugar-del-evento\/","title":{"rendered":"Lugar del evento e informaci\u00f3n general"},"content":{"rendered":"<p><strong>El lugar del Taller<\/strong><\/p>\n<p>El Taller tendr\u00e1 lugar en el Pabell\u00f3n II de la <a href=\"http:\/\/exactas.uba.ar\/\" target=\"_blank\">Facultad de Ciencias Exactas y Naturales de la Universidad de Buenos Aires<\/a>\u00a0ubicado en\u00a0Ciudad Universitaria. Pueden ver un mapa de la zona con informaci\u00f3n sobre medios de transporte hacia el lugar <a href=\"https:\/\/mapa.buenosaires.gob.ar\/informacion\/?lat=-34.542904&amp;lng=-58.442888&amp;zl=16&amp;modo=transporte&amp;ilat=-34.541949&amp;ilng=-58.442330\" target=\"_blank\">ac\u00e1<\/a>\u00a0o <a href=\"https:\/\/www.google.com.ar\/maps\/place\/Ciudad+Universitaria+de+Buenos+Aires\/@-34.5467135,-58.4376493,15z\/data=!4m5!3m4!1s0x0000000000000000:0x445926222f7a265e!8m2!3d-34.5415914!4d-58.4446049?hl=en\" target=\"_blank\">ac\u00e1<\/a>.<\/p>\n<p>La inauguraci\u00f3n, las charlas y las mesas redondas tendr\u00e1n lugar en el Aula 6 ubicada en el subsuelo del Pabell\u00f3n II. Para los grupos de discusi\u00f3n y para el taller de escritura tenemos reservadas aulas en el primer piso del Pabell\u00f3n II (111, 112 y 113). Pedimos por favor puntualidad para poder comenzar y terminar las actividades en los horarios previstos.<\/p>\n<p><strong>Traslados dentro de la Ciudad de Buenos Aires<\/strong><\/p>\n<p>Para desplazarse en transporte p\u00fablico (colectivo=bus, subte=metro o tren) dentro de la Ciudad de Buenos Aires es necesario contar con la tarjeta <a href=\"https:\/\/www.sube.gob.ar\/\" target=\"_blank\">SUBE<\/a>\u00a0que puede adquirirse y &#8220;cargar&#8221; con dinero para viajar en los puntos que se describe <a href=\"https:\/\/www.sube.gob.ar\/MapasSUBE.aspx?id=127\" target=\"_blank\">ac\u00e1<\/a>.<\/p>\n<p>Para informaci\u00f3n sobre el arribo a la Ciudad de Buenos Aires, transporte y alojamiento dentro de la misma, pueden consultar la p\u00e1gina de <a href=\"http:\/\/www.giambiagi.df.uba.ar\/giambiagi\/general_information.html\" target=\"_blank\">informaci\u00f3n general<\/a> de la Escuela Giambiagi. \u00c9sta es una escuela de invierno que organiza todos los a\u00f1os el Departamento de F\u00edsica y que este a\u00f1o tendr\u00e1 lugar en la semana del 25 de julio. All\u00ed encontrar\u00e1n, entre otras cosas, c\u00f3mo\u00a0trasladarse desde y hacia el <a href=\"https:\/\/en.wikipedia.org\/wiki\/Ministro_Pistarini_International_Airport\" target=\"_blank\">Aeropuerto Internacional de Ezeiza &#8220;Ministro Pistarini&#8221;<\/a>, aeropuerto que se encuentra fuera de los l\u00edmites de la Ciudad de Buenos Aires a 22km del centro. En caso de llegar al <a href=\"https:\/\/en.wikipedia.org\/wiki\/Aeroparque_Jorge_Newbery\" target=\"_blank\">Aeroparque Metropolitano &#8220;Jorge Newbery&#8221;<\/a> adem\u00e1s de la opci\u00f3n de tomar un taxi o un colectivo es posible trasladarse en el <a href=\"http:\/\/arbus.com.ar\/\" target=\"_blank\">ArBus<\/a>,\u00a0servicio de transporte terrestre que conecta Aeroparque con seis de los principales destinos de la Ciudad de Buenos Aires: Retiro, Centro, Pac\u00edfico, Belgrano, Alto Palermo y Puente Saavedra y que tiene\u00a0una tarifa plana de $45 (pesos argentinos) dentro del \u00e1mbito de la ciudad de Buenos Aires y de $150 (pesos argentinos) para los recorridos que unen Aeroparque con el Aeropuerto Internacional de\u00a0Ezeiza. El ArBus puede pagarse con tarjeta de cr\u00e9dito dentro del Aeroparque. Quienes lleguen a la <a href=\"https:\/\/www.google.com.ar\/maps\/place\/Terminal+de+Omnibus+Retiro+-+Retiro+Bus+Station\/@-34.5865878,-58.3788086,16z\/data=!4m5!3m4!1s0x95bccab28ae94acb:0xa38d035fecaecf07!8m2!3d-34.5865878!4d-58.3744259?hl=en\" target=\"_blank\">Terminal de \u00d3mnibus de Retiro<\/a>\u00a0o a\u00a0la <a href=\"https:\/\/www.google.com.ar\/maps\/place\/Av.+Ant%C3%A1rtida+Argentina+821,+Cdad.+Aut%C3%B3noma+de+Buenos+Aires\/@-34.5978502,-58.3723508,16z\/data=!4m5!3m4!1s0x95a335346fcc1cd3:0x25f70759007ac637!8m2!3d-34.5978502!4d-58.3679681?hl=en\" target=\"_blank\">terminal portuaria<\/a> a la\u00a0que llegan los ferries desde Uruguay podr\u00e1n tomar las distintas opciones de transporte p\u00fablico disponibles en el lugar.<\/p>\n<p>&nbsp;<\/p>\n","protected":false},"excerpt":{"rendered":"<p>El lugar del Taller El Taller tendr\u00e1 lugar en el Pabell\u00f3n II de la Facultad de Ciencias Exactas y Naturales de la Universidad de Buenos Aires\u00a0ubicado en\u00a0Ciudad Universitaria. Pueden ver un mapa de la zona con informaci\u00f3n sobre medios de &hellip; <a href=\"http:\/\/wp.df.uba.ar\/tdscti\/es\/lugar-del-evento\/\">Sigue leyendo <span class=\"meta-nav\">&rarr;<\/span><\/a><\/p>\n","protected":false},"author":23,"featured_media":0,"parent":0,"menu_order":0,"comment_status":"closed","ping_status":"closed","template":"","meta":{"_bbp_topic_count":0,"_bbp_reply_count":0,"_bbp_total_topic_count":0,"_bbp_total_reply_count":0,"_bbp_voice_count":0,"_bbp_anonymous_reply_count":0,"_bbp_topic_count_hidden":0,"_bbp_reply_count_hidden":0,"_bbp_forum_subforum_count":0,"footnotes":""},"class_list":["post-133","page","type-page","status-publish","hentry"],"_links":{"self":[{"href":"http:\/\/wp.df.uba.ar\/tdscti\/wp-json\/wp\/v2\/pages\/133","targetHints":{"allow":["GET"]}}],"collection":[{"href":"http:\/\/wp.df.uba.ar\/tdscti\/wp-json\/wp\/v2\/pages"}],"about":[{"href":"http:\/\/wp.df.uba.ar\/tdscti\/wp-json\/wp\/v2\/types\/page"}],"author":[{"embeddable":true,"href":"http:\/\/wp.df.uba.ar\/tdscti\/wp-json\/wp\/v2\/users\/23"}],"replies":[{"embeddable":true,"href":"http:\/\/wp.df.uba.ar\/tdscti\/wp-json\/wp\/v2\/comments?post=133"}],"version-history":[{"count":1,"href":"http:\/\/wp.df.uba.ar\/tdscti\/wp-json\/wp\/v2\/pages\/133\/revisions"}],"predecessor-version":[{"id":134,"href":"http:\/\/wp.df.uba.ar\/tdscti\/wp-json\/wp\/v2\/pages\/133\/revisions\/134"}],"wp:attachment":[{"href":"http:\/\/wp.df.uba.ar\/tdscti\/wp-json\/wp\/v2\/media?parent=133"}],"curies":[{"name":"wp","href":"https:\/\/api.w.org\/{rel}","templated":true}]}}