{"id":12,"date":"2016-02-23T15:11:45","date_gmt":"2016-02-23T15:11:45","guid":{"rendered":"http:\/\/wp.df.uba.ar\/tdscti\/?page_id=12"},"modified":"2016-07-14T09:36:40","modified_gmt":"2016-07-14T12:36:40","slug":"charlistas-y-panelistas-invitadas","status":"publish","type":"page","link":"http:\/\/wp.df.uba.ar\/tdscti\/es\/charlistas-y-panelistas-invitadas\/","title":{"rendered":"Charlistas, Talleristas y Panelistas invitadas"},"content":{"rendered":"<p><strong>Charlistas, panelistas o moderadoras de mesas redondas:<\/strong><\/p>\n<p>Alicia Dickenstein, Departamento de Matem\u00e1tica, FCEyN-UBA (<a href=\"http:\/\/mate.dm.uba.ar\/~alidick\/\">http:\/\/mate.dm.uba.ar\/~alidick\/<\/a>)<\/p>\n<p>Andrea Gamarnik, Instituto Leloir, Premio L\u00b4Oreal-UNESCO 2016 (<a href=\"http:\/\/www.leloir.org.ar\/gamarnik-en\/\">http:\/\/www.leloir.org.ar\/gamarnik-en\/<\/a>)<\/p>\n<p>Gloria Bonder, U.A. &#8220;G\u00e9nero, Sociedad y Pol\u00edticas&#8221;,\u00a0FLACSO (<a href=\"http:\/\/flacso.org.ar\/autoridades\/bonder-gloria\/\">http:\/\/flacso.org.ar\/autoridades\/bonder-gloria\/<\/a>)<\/p>\n<p>Carolina Vera, Departamento de Ciencias de la Atm\u00f3sfera y los Oc\u00e9anos, FCEyN-UBA (<a href=\"http:\/\/www.cima.fcen.uba.ar\/ppersonal.php?p=1\">http:\/\/www.cima.fcen.uba.ar\/ppersonal.php?p=1<\/a>)<\/p>\n<p>Elizabeth Jelin, Instituto de Desarrollo Econ\u00f3mico y Social\u00a0(<a href=\"http:\/\/memoria.ides.org.ar\/elizabeth-jelin\">http:\/\/memoria.ides.org.ar\/elizabeth-jelin<\/a>)<\/p>\n<p>Dora Barrancos, Instituto Interdisciplinario de Estudios de G\u00e9nero, FFyL-UBA (<a href=\"http:\/\/www.conicet.gov.ar\/conicet-autoridades\/\">http:\/\/www.conicet.gov.ar\/conicet-autoridades\/<\/a>)<\/p>\n<p>Graciela Morgade,\u00a0Instituto Interdisciplinario de Estudios de G\u00e9nero, FFyL-UBA \u00a0 (<a href=\"http:\/\/www.filo.uba.ar\/decana\">http:\/\/www.filo.uba.ar\/decana<\/a>)<\/p>\n<p>Lilia Meza Montes, Benem\u00e9rita Universidad Aut\u00f3noma de Puebla, M\u00e9xico (<a href=\"http:\/\/www.ifuap.buap.mx\/academicos\/lilia\/\">http:\/\/www.ifuap.buap.mx\/academicos\/lilia\/<\/a>)<\/p>\n<p>Roc\u00edo Duque Santa Mar\u00eda, Universidad de Chile (<a href=\"http:\/\/www.conicyt.cl\/blog\/2015\/03\/asesora-de-presidencia\/\">http:\/\/www.conicyt.cl\/blog\/2015\/03\/asesora-de-presidencia\/<\/a>)<\/p>\n<p>Juan Carlos Reboreda, Decano Facultad de Ciencias Exactas y Naturales, UBA (<a href=\"http:\/\/server.ege.fcen.uba.ar\/eyca\/JCR\/Home.html\">http:\/\/server.ege.fcen.uba.ar\/eyca\/JCR\/Home.html<\/a> )<\/p>\n<p>Vera Brudny, Responsable del Programa CELFI,\u00a0Ministerio de Ciencia, Tecnolog\u00eda e Innovaci\u00f3n Productiva (<a href=\"http:\/\/www.celfi.gob.ar\/celfi-datos\/administracion\">http:\/\/www.celfi.gob.ar\/celfi-datos\/administracion<\/a>)<\/p>\n<p>Luc\u00eda Pedraza, Presidenta Centro de Estudiantes, FCEyN-UBA (<a href=\"https:\/\/cecen.com.ar\/\">https:\/\/cecen.com.ar\/<\/a>)<\/p>\n<p>Andrea Peralta, Subdelegada de la Asociaci\u00f3n del Personal No Docente de la UBA, FCEyN-UBA (<a href=\"http:\/\/www.apuba.org.ar\/\">http:\/\/www.apuba.org.ar\/<\/a>)<\/p>\n<p>Alba Avila-Bernal, UniAndes, Colombia (<a href=\"https:\/\/profesores.uniandes.edu.co\/a-avila\/\">https:\/\/profesores.uniandes.edu.co\/a-avila\/<\/a>)<\/p>\n<p>Sara Aldabe-Bilmes, Departamento de Qu\u00edmica Inorg\u00e1nica, Anal\u00edtica y Qu\u00edmica F\u00edsica, FCEyN-UBA (<a href=\"http:\/\/www.qi.fcen.uba.ar\/academicos\/integrantes\/profesores\/9-academicos\/14-profesores-aldabe\">http:\/\/www.qi.fcen.uba.ar\/academicos\/integrantes\/profesores\/9-academicos\/14-profesores-aldabe<\/a>)<\/p>\n<p>M\u00f3nica Pinto, Decana Facultad de Derecho, UBA (<a href=\"http:\/\/www.derecho.uba.ar\/institucional\/autoridades-derecho.php\">http:\/\/www.derecho.uba.ar\/institucional\/autoridades-derecho.php<\/a>), participaci\u00f3n a confirmar<\/p>\n<p><a href=\"https:\/\/www.youtube.com\/watch?v=lRx7s1Yxadw\" target=\"_blank\">Magaly Blas<\/a>, Universidad Peruana Cayetano Heredia, Per\u00fa (<a href=\"http:\/\/www.magalyblas.com\/es\/\">http:\/\/www.magalyblas.com\/es\/<\/a>). A cargo del proyecto <a href=\"http:\/\/www.mamasdelrio.org\/\" target=\"_blank\">&#8220;Mam\u00e1s del r\u00edo&#8221;<\/a><\/p>\n<p><strong>Personas que coordinar\u00e1n los talleres:<\/strong><\/p>\n<p><em>Taller de escritura de papers:<\/em> Susana Gallardo,Centro de Divulgaci\u00f3n Cient\u00edfica, FCEN-UBA (<a href=\"http:\/\/exactas.uba.ar\/extension\/display.php?estructura=4&amp;desarrollo=0&amp;id_caja=65&amp;nivel_caja=2\">http:\/\/exactas.uba.ar\/extension\/display.php?estructura=4&amp;desarrollo=0&amp;id_caja=65&amp;nivel_caja=2<\/a>)<\/p>\n<p><em>Talleres de discusi\u00f3n:<\/em> Sara Aldabe Bilmes (FCEyN-UBA), Silvina Ponce Dawson (FCEyN-UBA), Lilia Meza Montes (BUAP, Mexico), Alba Avila-Bernal (UniAndes, Colombia), Roc\u00edo Duque Santa Mar\u00eda (Universidad de Chile, Chile), Rita Zorzenon dos Santos (USP, Brasil).<\/p>\n<p>&nbsp;<\/p>\n<p>&nbsp;<\/p>\n","protected":false},"excerpt":{"rendered":"<p>Charlistas, panelistas o moderadoras de mesas redondas: Alicia Dickenstein, Departamento de Matem\u00e1tica, FCEyN-UBA (http:\/\/mate.dm.uba.ar\/~alidick\/) Andrea Gamarnik, Instituto Leloir, Premio L\u00b4Oreal-UNESCO 2016 (http:\/\/www.leloir.org.ar\/gamarnik-en\/) Gloria Bonder, U.A. &#8220;G\u00e9nero, Sociedad y Pol\u00edticas&#8221;,\u00a0FLACSO (http:\/\/flacso.org.ar\/autoridades\/bonder-gloria\/) Carolina Vera, Departamento de Ciencias de la Atm\u00f3sfera y los &hellip; <a href=\"http:\/\/wp.df.uba.ar\/tdscti\/es\/charlistas-y-panelistas-invitadas\/\">Sigue leyendo <span class=\"meta-nav\">&rarr;<\/span><\/a><\/p>\n","protected":false},"author":23,"featured_media":0,"parent":0,"menu_order":0,"comment_status":"closed","ping_status":"closed","template":"","meta":{"_bbp_topic_count":0,"_bbp_reply_count":0,"_bbp_total_topic_count":0,"_bbp_total_reply_count":0,"_bbp_voice_count":0,"_bbp_anonymous_reply_count":0,"_bbp_topic_count_hidden":0,"_bbp_reply_count_hidden":0,"_bbp_forum_subforum_count":0,"footnotes":""},"class_list":["post-12","page","type-page","status-publish","hentry"],"_links":{"self":[{"href":"http:\/\/wp.df.uba.ar\/tdscti\/wp-json\/wp\/v2\/pages\/12","targetHints":{"allow":["GET"]}}],"collection":[{"href":"http:\/\/wp.df.uba.ar\/tdscti\/wp-json\/wp\/v2\/pages"}],"about":[{"href":"http:\/\/wp.df.uba.ar\/tdscti\/wp-json\/wp\/v2\/types\/page"}],"author":[{"embeddable":true,"href":"http:\/\/wp.df.uba.ar\/tdscti\/wp-json\/wp\/v2\/users\/23"}],"replies":[{"embeddable":true,"href":"http:\/\/wp.df.uba.ar\/tdscti\/wp-json\/wp\/v2\/comments?post=12"}],"version-history":[{"count":1,"href":"http:\/\/wp.df.uba.ar\/tdscti\/wp-json\/wp\/v2\/pages\/12\/revisions"}],"predecessor-version":[{"id":13,"href":"http:\/\/wp.df.uba.ar\/tdscti\/wp-json\/wp\/v2\/pages\/12\/revisions\/13"}],"wp:attachment":[{"href":"http:\/\/wp.df.uba.ar\/tdscti\/wp-json\/wp\/v2\/media?parent=12"}],"curies":[{"name":"wp","href":"https:\/\/api.w.org\/{rel}","templated":true}]}}