{"id":101,"date":"2016-03-08T10:56:48","date_gmt":"2016-03-08T13:56:48","guid":{"rendered":"http:\/\/wp.df.uba.ar\/tdscti\/?page_id=101"},"modified":"2016-03-08T11:55:51","modified_gmt":"2016-03-08T14:55:51","slug":"speakers","status":"publish","type":"page","link":"http:\/\/wp.df.uba.ar\/tdscti\/en\/speakers\/","title":{"rendered":"Speakers, panelists and discussion session coordinators"},"content":{"rendered":"<p><strong>The following have confirmed that they will participate as speakers or round-table members:<\/strong><\/p>\n<p>Alicia Dickenstein, Departamento de Matem\u00e1tica, FCEN-UBA (<a href=\"http:\/\/mate.dm.uba.ar\/~alidick\/\">http:\/\/mate.dm.uba.ar\/~alidick\/<\/a>)<\/p>\n<p>Gloria Bonder, U.A. &#8220;G\u00e9nero, Sociedad y Pol\u00edticas&#8221;,\u00a0FLACSO (<a href=\"http:\/\/flacso.org.ar\/autoridades\/bonder-gloria\/\">http:\/\/flacso.org.ar\/autoridades\/bonder-gloria\/<\/a>)<\/p>\n<p>Carolina Vera, Departamento de Ciencias de la Atm\u00f3sfera y los Oc\u00e9anos, FCEN-UBA (<a href=\"http:\/\/www.cima.fcen.uba.ar\/ppersonal.php?p=1\">http:\/\/www.cima.fcen.uba.ar\/ppersonal.php?p=1<\/a>)<\/p>\n<p>Elizabeth Jelin, Instituto de Desarrollo Econ\u00f3mico y Social\u00a0(<a href=\"http:\/\/memoria.ides.org.ar\/elizabeth-jelin\">http:\/\/memoria.ides.org.ar\/elizabeth-jelin<\/a>)<\/p>\n<p>Dora Barrancos, Instituto Interdisciplinario de Estudios de G\u00e9nero, FFyL-UBA (<a href=\"http:\/\/www.conicet.gov.ar\/conicet-autoridades\/\">http:\/\/www.conicet.gov.ar\/conicet-autoridades\/<\/a>)<\/p>\n<p>Graciela Morgade,\u00a0Instituto Interdisciplinario de Estudios de G\u00e9nero, FFyL-UBA \u00a0 (<a href=\"http:\/\/www.filo.uba.ar\/decana\">http:\/\/www.filo.uba.ar\/decana<\/a>)<\/p>\n<p>Lilia Meza Montes, Benem\u00e9rita Universidad Aut\u00f3noma de Puebla, M\u00e9xico (<a href=\"http:\/\/www.ifuap.buap.mx\/academicos\/lilia\/\">http:\/\/www.ifuap.buap.mx\/academicos\/lilia\/<\/a>)<\/p>\n<p>Roc\u00edo Duque Santa Mar\u00eda, Universidad de Chile (<a href=\"http:\/\/www.conicyt.cl\/blog\/2015\/03\/asesora-de-presidencia\/\">http:\/\/www.conicyt.cl\/blog\/2015\/03\/asesora-de-presidencia\/<\/a>)<\/p>\n<p>Vera Brudny,\u00a0Programa de Popularizaci\u00f3n de la Ciencia y la Innovaci\u00f3n,\u00a0Ministerio de Ciencia, Tecnolog\u00eda e Innovaci\u00f3n Productiva<\/p>\n<p>Florencia Paoloni,\u00a0Direcci\u00f3n Nacional de Relaciones Internacionales,\u00a0Ministerio de Ciencia, Tecnolog\u00eda e Innovaci\u00f3n Productiva<\/p>\n<p><strong>People that will coordinate the workshops:<\/strong><\/p>\n<p><em>Workshop for writing papers:<\/em> Susana Gallardo,Centro de Divulgaci\u00f3n Cient\u00edfica, FCEN-UBA (<a href=\"http:\/\/exactas.uba.ar\/extension\/display.php?estructura=4&amp;desarrollo=0&amp;id_caja=65&amp;nivel_caja=2\">http:\/\/exactas.uba.ar\/extension\/display.php?estructura=4&amp;desarrollo=0&amp;id_caja=65&amp;nivel_caja=2<\/a>)<\/p>\n<p><em>Discussion workshops:<\/em> Sara Aldabe Bilmes (FCEN-UBA), Silvina Ponce Dawson (FCEN-UBA), Lilia Meza Montes (BUAP, Mexico), Alba Avila Bernal (UniAndes, Colombia)<\/p>\n","protected":false},"excerpt":{"rendered":"<p>The following have confirmed that they will participate as speakers or round-table members: Alicia Dickenstein, Departamento de Matem\u00e1tica, FCEN-UBA (http:\/\/mate.dm.uba.ar\/~alidick\/) Gloria Bonder, U.A. &#8220;G\u00e9nero, Sociedad y Pol\u00edticas&#8221;,\u00a0FLACSO (http:\/\/flacso.org.ar\/autoridades\/bonder-gloria\/) Carolina Vera, Departamento de Ciencias de la Atm\u00f3sfera y los Oc\u00e9anos, FCEN-UBA &hellip; <a href=\"http:\/\/wp.df.uba.ar\/tdscti\/en\/speakers\/\">Sigue leyendo <span class=\"meta-nav\">&rarr;<\/span><\/a><\/p>\n","protected":false},"author":28,"featured_media":0,"parent":0,"menu_order":0,"comment_status":"closed","ping_status":"closed","template":"","meta":{"_bbp_topic_count":0,"_bbp_reply_count":0,"_bbp_total_topic_count":0,"_bbp_total_reply_count":0,"_bbp_voice_count":0,"_bbp_anonymous_reply_count":0,"_bbp_topic_count_hidden":0,"_bbp_reply_count_hidden":0,"_bbp_forum_subforum_count":0,"footnotes":""},"class_list":["post-101","page","type-page","status-publish","hentry"],"_links":{"self":[{"href":"http:\/\/wp.df.uba.ar\/tdscti\/wp-json\/wp\/v2\/pages\/101","targetHints":{"allow":["GET"]}}],"collection":[{"href":"http:\/\/wp.df.uba.ar\/tdscti\/wp-json\/wp\/v2\/pages"}],"about":[{"href":"http:\/\/wp.df.uba.ar\/tdscti\/wp-json\/wp\/v2\/types\/page"}],"author":[{"embeddable":true,"href":"http:\/\/wp.df.uba.ar\/tdscti\/wp-json\/wp\/v2\/users\/28"}],"replies":[{"embeddable":true,"href":"http:\/\/wp.df.uba.ar\/tdscti\/wp-json\/wp\/v2\/comments?post=101"}],"version-history":[{"count":1,"href":"http:\/\/wp.df.uba.ar\/tdscti\/wp-json\/wp\/v2\/pages\/101\/revisions"}],"predecessor-version":[{"id":105,"href":"http:\/\/wp.df.uba.ar\/tdscti\/wp-json\/wp\/v2\/pages\/101\/revisions\/105"}],"wp:attachment":[{"href":"http:\/\/wp.df.uba.ar\/tdscti\/wp-json\/wp\/v2\/media?parent=101"}],"curies":[{"name":"wp","href":"https:\/\/api.w.org\/{rel}","templated":true}]}}