{"id":105,"date":"2016-05-07T00:33:01","date_gmt":"2016-05-07T03:33:01","guid":{"rendered":"http:\/\/wp.df.uba.ar\/mininni\/?page_id=105"},"modified":"2021-06-03T11:47:28","modified_gmt":"2021-06-03T14:47:28","slug":"people","status":"publish","type":"page","link":"http:\/\/wp.df.uba.ar\/mininni\/people\/","title":{"rendered":"People"},"content":{"rendered":"<h5>Phd students<\/h5>\n<ul>\n<li>Florencia Zapata<\/li>\n<li>Christian Reartes<\/li>\n<li>Sof\u00eda Angriman (co-advisor)<\/li>\n<\/ul>\n<h5>MSc students<\/h5>\n<ul>\n<li>Juli\u00e1n Amette Estrada<\/li>\n<\/ul>\n<h5>former students<\/h5>\n<ul>\n<li>Nicol\u00e1s Sujovolsky (PhD and MSc, currently in the private sector)<\/li>\n<li>Nicol\u00e1s Echebarrena (PhD co-advisor, currently in the private sector)<\/li>\n<li>Patricio Clark di Leoni (PhD and MSc, currently at Johns Hopkins University)<\/li>\n<li>Tom\u00e1s Teitelbaum (PhD, currently in the private sector)<\/li>\n<li>Paola Rodriguez Imazio (PhD and MSc, currently at the Argentinian <a href=\"https:\/\/www.smn.gob.ar\/\">National Weather Service<\/a>)<\/li>\n<li>Mar\u00eda In\u00e9s Auliel (PhD and MSc co-advisor, currently at the Argentinian <a href=\"https:\/\/www.smn.gob.ar\/\">National Weather Service<\/a>)<\/li>\n<li>Florencia Falkinhoff (MSc)<\/li>\n<li>Nicol\u00e1s M\u00fcller (MSc)<\/li>\n<li>Ernesto Horne (MSc)<\/li>\n<li>Mariano Santaya (MSc)<\/li>\n<li>David Oks (MSc)<\/li>\n<li>Franco Berbeglia (MSc)<\/li>\n<li>Luis Martin (MSc)<\/li>\n<li>Alexis Gomel (MSc co-advisor)<\/li>\n<\/ul>\n<h5>Research group<\/h5>\n<p>I am a member of <a href=\"http:\/\/wp.df.uba.ar\/flip\/\">FL<em>i<\/em>P!<\/a> at the <a href=\"http:\/\/www.df.uba.ar\/\">Physics Department of the University of Buenos Aires<\/a>. Other professors in our group are:<\/p>\n<ul>\n<li>Pablo Dmitruk<\/li>\n<li>Pablo Cobelli<\/li>\n<\/ul>\n","protected":false},"excerpt":{"rendered":"<p>Phd students Florencia Zapata Christian Reartes Sof\u00eda Angriman (co-advisor) MSc students Juli\u00e1n Amette Estrada former students Nicol\u00e1s Sujovolsky (PhD and MSc, currently in the private sector) Nicol\u00e1s Echebarrena (PhD co-advisor, currently in the private sector) Patricio Clark di Leoni (PhD and MSc, currently at Johns Hopkins University) Tom\u00e1s Teitelbaum (PhD, currently in the private sector) &hellip; <a href=\"http:\/\/wp.df.uba.ar\/mininni\/people\/\" class=\"more-link\">Continue reading <span class=\"screen-reader-text\">People<\/span><\/a><\/p>\n","protected":false},"author":18,"featured_media":0,"parent":0,"menu_order":0,"comment_status":"closed","ping_status":"closed","template":"","meta":{"_bbp_topic_count":0,"_bbp_reply_count":0,"_bbp_total_topic_count":0,"_bbp_total_reply_count":0,"_bbp_voice_count":0,"_bbp_anonymous_reply_count":0,"_bbp_topic_count_hidden":0,"_bbp_reply_count_hidden":0,"_bbp_forum_subforum_count":0,"footnotes":""},"class_list":["post-105","page","type-page","status-publish","hentry"],"_links":{"self":[{"href":"http:\/\/wp.df.uba.ar\/mininni\/wp-json\/wp\/v2\/pages\/105","targetHints":{"allow":["GET"]}}],"collection":[{"href":"http:\/\/wp.df.uba.ar\/mininni\/wp-json\/wp\/v2\/pages"}],"about":[{"href":"http:\/\/wp.df.uba.ar\/mininni\/wp-json\/wp\/v2\/types\/page"}],"author":[{"embeddable":true,"href":"http:\/\/wp.df.uba.ar\/mininni\/wp-json\/wp\/v2\/users\/18"}],"replies":[{"embeddable":true,"href":"http:\/\/wp.df.uba.ar\/mininni\/wp-json\/wp\/v2\/comments?post=105"}],"version-history":[{"count":4,"href":"http:\/\/wp.df.uba.ar\/mininni\/wp-json\/wp\/v2\/pages\/105\/revisions"}],"predecessor-version":[{"id":146,"href":"http:\/\/wp.df.uba.ar\/mininni\/wp-json\/wp\/v2\/pages\/105\/revisions\/146"}],"wp:attachment":[{"href":"http:\/\/wp.df.uba.ar\/mininni\/wp-json\/wp\/v2\/media?parent=105"}],"curies":[{"name":"wp","href":"https:\/\/api.w.org\/{rel}","templated":true}]}}