{"id":49,"date":"2021-07-13T21:32:05","date_gmt":"2021-07-13T21:32:05","guid":{"rendered":"http:\/\/wp.df.uba.ar\/lmm\/?page_id=49"},"modified":"2021-09-02T20:03:12","modified_gmt":"2021-09-02T20:03:12","slug":"equipamiento-para-brindar-servicios","status":"publish","type":"page","link":"http:\/\/wp.df.uba.ar\/lmm\/equipamiento-para-brindar-servicios\/","title":{"rendered":"EQUIPAMIENTO"},"content":{"rendered":"<h4>El microscopio multi-espectral Olympus FV1000 que se encuentra instalado en el Laboratorio de\u00a0 Microscopia\u00a0 y\u00a0 Microespectroscopia\u00a0 permite\u00a0 obtener\u00a0 im\u00e1genes\u00a0 confocales y estimular la\u00a0 \u00a0muestra\u00a0 con\u00a0 un\u00a0 haz\u00a0 independiente.\u00a0 Su\u00a0 multi-espectralidad\u00a0 \u00a0permite\u00a0 \u00a0observar simult\u00e1neamente se\u00f1ales emitidas por distintos fluor\u00f3foros.<\/h4>\n<h3><span style=\"color: #000000\"><strong><span lang=\"ES-MX\">Microscopio Confocal Espectral FV1000\/IX81\u00a0<\/span><\/strong><\/span><\/h3>\n<h5 class=\"yiv1449298661MsoNormal\"><span style=\"text-decoration: underline\"><strong><i><span lang=\"ES-MX\">Sistemas L\u00e1ser<\/span><\/i><\/strong><\/span><\/h5>\n<p class=\"yiv1449298661MsoNormal\" style=\"text-align: left\"><em><strong><span lang=\"ES-MX\">Unidad l\u00e1ser multil\u00ednea de Arg\u00f3n : 457, 488, 515 nm<\/span><\/strong><\/em><\/p>\n<p class=\"yiv1449298661MsoNormal\" style=\"text-align: left\"><em><strong><span lang=\"ES-MX\">Unidad l\u00e1ser de Helio-Ne\u00f3n: 543 nm<\/span><\/strong><\/em><\/p>\n<p class=\"yiv1449298661MsoNormal\" style=\"text-align: left\"><em><strong><span lang=\"ES-MX\">Unidad l\u00e1ser de DIODO ESTADO S\u00d3LIDO 635 nm<\/span><\/strong><\/em><\/p>\n<h5 class=\"yiv1449298661MsoNormal\"><span style=\"text-decoration: underline\"><strong><i><span lang=\"ES-MX\">M\u00f3dulo confocal FV1000<\/span><\/i><\/strong><\/span><\/h5>\n<p class=\"yiv1449298661MsoNormal\"><span lang=\"ES-MX\">&#8211;\u00a0\u00a0<\/span><span lang=\"ES-MX\">Unidad de control FV10-PSU. Incluye dos controladores galvanom\u00e9tricos y una fuente de poder.<\/span><\/p>\n<p class=\"yiv1449298661MsoNormal\"><span lang=\"ES-MX\">&#8211;\u00a0\u00a0<\/span><span lang=\"ES-MX\">Unidad de barrido FV-SU para m\u00f3dulo confocal FV1000. Permite la selecci\u00f3n personalizada de regiones de inter\u00e9s (ROI) del esp\u00e9cimen para experimentos de FRAP y FLIP. Permite incorporar una unidad de barrido adicional (SIM Scanner System) con la capacidad de combinar la estimulaci\u00f3n por l\u00e1ser con la adquisici\u00f3n de im\u00e1genes.\u00a0<\/span><\/p>\n<p class=\"yiv1449298661MsoNormal\"><span lang=\"ES-MX\">&#8211;\u00a0\u00a0<\/span><span lang=\"ES-MX\">Adaptador FV10-SUIX para unidad de barrido. Incluye torreta motorizada para filtros.<\/span><\/p>\n<p class=\"yiv1449298661MsoNormal\"><span lang=\"ES-MX\">&#8211;\u00a0\u00a0<\/span><span lang=\"ES-MX\">Unidad de detecci\u00f3n FV10-SPD basada en sistema de ESPECTRAL mediante RED DE DIFRACCI\u00d3N con 3 fotomultiplicadores que trabajan en 12bits (Dos canales espectrales y un tercer canal por filtros).<\/span><\/p>\n<p class=\"yiv1449298661MsoNormal\"><span lang=\"ES-MX\">&#8211;\u00a0\u00a0<\/span><span lang=\"ES-MX\">Cubierta FV10-COV para reemplazo de unidad de barrido adicional.<\/span><\/p>\n<p class=\"yiv1449298661MsoNormal\"><span lang=\"ES-MX\">&#8211;\u00a0\u00a0<\/span><span lang=\"ES-MX\">Fotomultiplicadores de alta sensibilidad con eficiencia qu\u00e1ntica de 100% para 500 nm. Juego de DE FILTROS y DICROICOS\u00a0 FV10-FSVMBGR\u00a0 para unidad de detecci\u00f3n FV10-SPD. Incluye espejos dicroicos de excitaci\u00f3n (BS20\/80, DM405\/488, DM488\/543\/635, DM458\/515), espejos dicroicos de emisi\u00f3n (SDM490,2 unidades SDM560, SDM510, SDM640) ,\u00a0<b>DOS SISTEMAS DE RED DE DIFRACCI\u00d3N ESPECTRALES <\/b>con una resoluci\u00f3n de 2 nm que trabajan en todo el espectro visible 400nm a 700nm y filtros barrera para el tercer canal (<\/span><span lang=\"ES-MX\">BA560-620, BA655-755, BA560-660) para operar con los l\u00e1seres mencionados y una amplia gama de fluorocromos que incluye: GFP y sus variantes, fluoresce\u00edna, rodamina, Alexa 488, Alexa 546, Cy5, etc. EL SISTEMA ESPECTRAL PERMITE SEPARAR GFP-CFP, mediante deconvoluci\u00f3n espectral.<\/span><\/p>\n<p class=\"yiv1449298661MsoNormal\"><span lang=\"ES-MX\">\u00a0<\/span><span lang=\"ES-MX\">&#8211;\u00a0\u00a0<\/span><span lang=\"ES-MX\">VELOCIDAD DE BARRIDO PARA ESTE SISTEMA es de 16 FPS para 256&#215;256<\/span><\/p>\n<p class=\"yiv1449298661MsoNormal\"><span lang=\"ES-MX\">&#8211;\u00a0\u00a0<\/span><span lang=\"ES-MX\">M\u00e1xima resoluci\u00f3n 4096X4096 p\u00edxeles<\/span><\/p>\n<p><span lang=\"ES-MX\">&#8211;\u00a0\u00a0<\/span><b><span lang=\"ES-MX\">Unidad multicombinadora de l\u00e1seres FV10-MSCOMB.<\/span><\/b><span lang=\"ES-MX\"> Incluye juegos de filtros\/espejos dicroicos para l\u00e1ser multil\u00ednea de Arg\u00f3n, l\u00e1ser de Helio\/Ne\u00f3n verde. Incluye m\u00f3dulo y controlador AOTF.<\/span><\/p>\n<p class=\"yiv1449298661MsoNormal\"><span lang=\"ES-MX\">\u00a0<\/span><span lang=\"ES-MX\">Unidad de fibra \u00f3ptica BROAD BAND FV10-FUR para l\u00e1seres de rango visible (405-700 nm). Incluye colimador de haz.<\/span><\/p>\n<p class=\"yiv1449298661MsoNormal\"><span lang=\"ES-MX\">&#8211;\u00a0\u00a0<\/span><span lang=\"ES-MX\">Incluye Detector de luz transmitida FV10-TD. Incluye fotomultiplicador, obturador motorizado para l\u00e1mpara hal\u00f3gena y selector motorizado de paso de luz.<\/span><\/p>\n<p class=\"yiv1449298661MsoNormal\"><span lang=\"ES-MX\">&#8211;\u00a0\u00a0<\/span><span lang=\"ES-MX\">Unidad de iluminaci\u00f3n episc\u00f3pica FV10-FIR. Incluye obturador motorizado.<\/span><\/p>\n<h5 class=\"yiv1449298661MsoNormal\"><span lang=\"ES-MX\">\u00a0<\/span><strong><i><span lang=\"ES-MX\">Microscopio<\/span><\/i><\/strong><\/h5>\n<p class=\"yiv1449298661MsoNormal\"><span lang=\"ES-MX\">&#8211;\u00a0\u00a0<\/span><span lang=\"ES-MX\">Estativo de microscopio invertido IX8S1F3, equipado con rev\u00f3lver portaobjetivos s\u00e9xtuple motorizado y enfocable, selector de camino \u00f3ptico de dos posiciones (observador: puerto lateral = 100:0, 0:100), y cambiador de aumentos de control manual (1X y 1.6X).<\/span><\/p>\n<p class=\"yiv1449298661MsoNormal\"><span lang=\"ES-MX\">&#8211;\u00a0\u00a0<\/span><span lang=\"ES-MX\">Columna de iluminaci\u00f3n inclinable IX2-ILL100 para l\u00e1mpara hal\u00f3gena de 100W, con soporte para condensador, 4 porta-filtros (45mm), diafragma de campo y filtro difusor LP4151.<\/span><\/p>\n<p class=\"yiv1449298661MsoNormal\"><span lang=\"ES-MX\">&#8211;\u00a0\u00a0<\/span><span lang=\"ES-MX\">Unidad de control de IX2-UCB para componentes motorizados. Incluye software b\u00e1sico AV7285 y stickers AD6697 (x3).<\/span><\/p>\n<p class=\"yiv1449298661MsoNormal\"><span lang=\"ES-MX\">&#8211;\u00a0\u00a0<\/span><span lang=\"ES-MX\">Tarjeta\u00a0<\/span><span lang=\"ES-MX\">U-ZPCB-2\u00a0<\/span><span lang=\"ES-MX\">para control del enfoque motorizado.<\/span><\/p>\n<p class=\"yiv1449298661MsoNormal\"><span lang=\"ES-MX\">&#8211;\u00a0\u00a0<\/span><span lang=\"ES-MX\">Teclado U-HSTR2 con panel de indicaci\u00f3n 2 AD6957, panel de indicaci\u00f3n 3 AD6958 y stickers de indicaci\u00f3n AD6956.<\/span><\/p>\n<p class=\"yiv1449298661MsoNormal\"><span lang=\"ES-MX\">&#8211;\u00a0\u00a0<\/span><span lang=\"ES-MX\">Sistema de fijaci\u00f3n IX2-FP. Incluye espaciadores AD9178 (x2), pies de montaje (x4), llave allen y tornillos.<\/span><\/p>\n<p class=\"yiv1449298661MsoNormal\"><span lang=\"ES-MX\">&#8211;\u00a0\u00a0<\/span><span lang=\"ES-MX\">Tubo de observaci\u00f3n binocular de \u00e1ngulo variable U-TBI90.<\/span><\/p>\n<p class=\"yiv1449298661MsoNormal\"><span lang=\"ES-MX\">&#8211;\u00a0\u00a0<\/span><span lang=\"ES-MX\">Ocular de gran campo WH10X-3.<\/span><\/p>\n<p class=\"yiv1449298661MsoNormal\"><span lang=\"ES-MX\">&#8211;\u00a0\u00a0<\/span><span lang=\"ES-MX\">Ocular enfocable de gran campo WH10X2-H.<\/span><\/p>\n<p class=\"yiv1449298661MsoNormal\"><span lang=\"ES-MX\">&#8211;\u00a0\u00a0<\/span><span lang=\"ES-MX\">Platina de desplazamiento biaxial IX2-SFR, con controles flexibles para mano derecha. Incluye placa de inserci\u00f3n AQ1180 y tornillos.<\/span><\/p>\n<p class=\"yiv1449298661MsoNormal\"><span lang=\"ES-MX\">&#8211;\u00a0\u00a0<\/span><span lang=\"ES-MX\">Placa de inserci\u00f3n IX-CP50<\/span><\/p>\n<p class=\"yiv1449298661MsoNormal\"><span lang=\"ES-MX\">&#8211;\u00a0\u00a0<\/span><span lang=\"ES-MX\">Clips de sujeci\u00f3n IX2-SCL<\/span><\/p>\n<p class=\"yiv1449298661MsoNormal\"><span lang=\"ES-MX\">&#8211;\u00a0\u00a0<\/span><span lang=\"ES-MX\">Condensador universal de larga distancia de trabajo IX2-LWUCD (NA 0.55, WD 27mm), con torreta giratoria de 6 posiciones (cuatro para inserts de 30 mm y dos para inserts de 38 mm), diafragma de apertura y cable de conexi\u00f3n.<\/span><\/p>\n<p class=\"yiv1449298661MsoNormal\"><span lang=\"ES-MX\">&#8211;\u00a0\u00a0<\/span><span lang=\"ES-MX\">Portal\u00e1mpara U-LH100-3 para l\u00e1mpara hal\u00f3gena de 100W, con cable conector.<\/span><\/p>\n<p class=\"yiv1449298661MsoNormal\"><span lang=\"ES-MX\">&#8211;\u00a0\u00a0<\/span><span lang=\"ES-MX\">Cable de extensi\u00f3n U-RMT para caja porta-l\u00e1mpara.<\/span><\/p>\n<p class=\"yiv1449298661MsoNormal\"><span lang=\"ES-MX\">&#8211;\u00a0\u00a0<\/span><span lang=\"ES-MX\">L\u00e1mpara hal\u00f3gena 12V100W HAL-L (x2).<\/span><\/p>\n<h5 class=\"yiv1449298661MsoNormal\"><strong><i><span lang=\"ES-MX\">Iluminador por Fluorescencia<\/span><\/i><\/strong><\/h5>\n<p class=\"yiv1449298661MsoNormal\"><span lang=\"ES-MX\">&#8211;\u00a0\u00a0<\/span><span lang=\"ES-MX\">Caja porta-l\u00e1mpara U-LH100HGAPO para l\u00e1mpara de mercurio de 100W, con lente colectora y cable de conexi\u00f3n.<\/span><\/p>\n<p class=\"yiv1449298661MsoNormal\"><span lang=\"ES-MX\">&#8211;\u00a0\u00a0<\/span><span lang=\"ES-MX\">Fuente de poder BH2-RFL-T3 200 para l\u00e1mpara de mercurio.<\/span><\/p>\n<p class=\"yiv1449298661MsoNormal\"><span lang=\"ES-MX\">&#8211;\u00a0\u00a0<\/span><span lang=\"ES-MX\">L\u00e1mpara de mercurio USH-103OL (x2).<\/span><\/p>\n<h4 class=\"yiv1449298661MsoNormal\"><span lang=\"ES-MX\">\u00a0<\/span><strong><i><span lang=\"ES-MX\">Objetivos \u00d3PTICA UIS2<\/span><\/i><\/strong><\/h4>\n<p class=\"yiv1449298661MsoNormal\"><span lang=\"ES-MX\">&#8211;\u00a0\u00a0<\/span><span lang=\"ES-MX\">Objetivo 10X\u00a0<i>NUEVO\u00a0<\/i>SUPER\u00a0 Apocrom\u00e1tico\u00a0 PLANSAPO10X, A.N. 0.40, distancia de trabajo 3.1 mm.<\/span><\/p>\n<p class=\"yiv1449298661MsoNormal\"><span lang=\"ES-MX\">&#8211;\u00a0\u00a0<\/span><span lang=\"ES-MX\">Objetivo 60X\u00a0<i>NUEVO\u00a0<\/i>SUPER\u00a0 Apocrom\u00e1tico de inmersi\u00f3n en aceite PLANSAPO 60X<\/span><span lang=\"ES-MX\">\u00a0A.N. 1.35, distancia de trabajo 0,15 mm, posici\u00f3n BFP1.<\/span><\/p>\n<h4 class=\"yiv1449298661MsoNormal\"><span lang=\"ES-MX\">\u00a0<\/span><strong><i><span lang=\"ES-MX\">Filtros de Fluorescencia<\/span><\/i><\/strong><\/h4>\n<p class=\"yiv1449298661MsoNormal\"><span lang=\"ES-MX\">&#8211;\u00a0\u00a0<\/span><span lang=\"ES-MX\">Cubo de filtros de fluorescencia U-MNIBA3 para excitaci\u00f3n Azul de banda angosta con barrera pasa-banda. Incluye filtro excitador BP 470-495, espejo dicroico DM505 y filtro barrera BA510-550.<\/span><\/p>\n<p class=\"yiv1449298661MsoNormal\"><span lang=\"ES-MX\">&#8211;\u00a0\u00a0<\/span><span lang=\"ES-MX\">Cubo de filtros de fluorescencia U-MWU2 para excitaci\u00f3n en UV, banda ancha. Filtro excitador de 330-385 nm. Aplicaciones m\u00e1s frecuentes: DAPI, BFP.<\/span><\/p>\n<h4 class=\"yiv1449298661MsoNormal\"><strong><i><span lang=\"ES-MX\">PC<\/span><\/i><\/strong><\/h4>\n<p class=\"yiv1449298661MsoNormal\"><span lang=\"ES-MX\">&#8211;\u00a0\u00a0<\/span><span lang=\"ES-MX\">Software AVANZADO de aplicaci\u00f3n FV10-ASW 1.6 para sistema a base ESPECTRAL. Controla el rev\u00f3lver portaobjetivos, el desplazamiento en el eje z (enfoque) y dem\u00e1s componentes motorizados del microscopio. Permite el an\u00e1lisis 3D de im\u00e1genes, el registro de secuencias animadas, la separaci\u00f3n de fluorocromos con espectros de emisi\u00f3n semejantes, etc.<\/span><\/p>\n<p class=\"yiv1449298661MsoNormal\"><span lang=\"ES-MX\">&#8211;\u00a0\u00a0<\/span><span lang=\"ES-MX\">Este soft permite realizar DECONVOLUCION ESPECTRAL<\/span><\/p>\n<p class=\"yiv1449298661MsoNormal\"><span lang=\"ES-MX\">&#8211;\u00a0\u00a0<\/span><span lang=\"ES-MX\">VELOCIDAD DE CAPTURA 16 cuadros por segundo a 256X256.<\/span><\/p>\n<p class=\"yiv1449298661MsoNormal\"><span lang=\"ES-MX\">&#8211;\u00a0\u00a0<\/span><span lang=\"ES-MX\">Software contiene el MODULO TIME CONTROLLER\u00a0 para experimentos que involucren el an\u00e1lisis de la fluorescencia en funci\u00f3n del tiempo (<i>Time Course<\/i>).<\/span><\/p>\n<p class=\"yiv1449298661MsoNormal\"><span lang=\"ES-MX\">&#8211;\u00a0\u00a0<\/span><span lang=\"ES-MX\">El modulo TIME CONTROLLER permite configurar salidas TTL (IN \u2013 OUT) con el objeto de controlar equipos externos como ELECTRODOS, DETECTORES, LASERS extras.<\/span><\/p>\n<p class=\"yiv1449298661MsoNormal\"><span lang=\"ES-MX\">&#8211;\u00a0\u00a0<\/span><span lang=\"ES-MX\">ZOOM M\u00c1XIMO\u00a0 50x\u00a0 para\u00a0 aplicaciones de excitaci\u00f3n como KAEDE.<\/span><\/p>\n","protected":false},"excerpt":{"rendered":"<p>El microscopio multi-espectral Olympus FV1000 que se encuentra instalado en el Laboratorio de\u00a0 Microscopia\u00a0 y\u00a0 Microespectroscopia\u00a0 permite\u00a0 obtener\u00a0 im\u00e1genes\u00a0 confocales y estimular [&hellip;]<\/p>\n","protected":false},"author":13,"featured_media":0,"parent":0,"menu_order":0,"comment_status":"closed","ping_status":"closed","template":"","meta":{"_bbp_topic_count":0,"_bbp_reply_count":0,"_bbp_total_topic_count":0,"_bbp_total_reply_count":0,"_bbp_voice_count":0,"_bbp_anonymous_reply_count":0,"_bbp_topic_count_hidden":0,"_bbp_reply_count_hidden":0,"_bbp_forum_subforum_count":0,"footnotes":""},"class_list":["post-49","page","type-page","status-publish","hentry"],"_links":{"self":[{"href":"http:\/\/wp.df.uba.ar\/lmm\/wp-json\/wp\/v2\/pages\/49","targetHints":{"allow":["GET"]}}],"collection":[{"href":"http:\/\/wp.df.uba.ar\/lmm\/wp-json\/wp\/v2\/pages"}],"about":[{"href":"http:\/\/wp.df.uba.ar\/lmm\/wp-json\/wp\/v2\/types\/page"}],"author":[{"embeddable":true,"href":"http:\/\/wp.df.uba.ar\/lmm\/wp-json\/wp\/v2\/users\/13"}],"replies":[{"embeddable":true,"href":"http:\/\/wp.df.uba.ar\/lmm\/wp-json\/wp\/v2\/comments?post=49"}],"version-history":[{"count":4,"href":"http:\/\/wp.df.uba.ar\/lmm\/wp-json\/wp\/v2\/pages\/49\/revisions"}],"predecessor-version":[{"id":216,"href":"http:\/\/wp.df.uba.ar\/lmm\/wp-json\/wp\/v2\/pages\/49\/revisions\/216"}],"wp:attachment":[{"href":"http:\/\/wp.df.uba.ar\/lmm\/wp-json\/wp\/v2\/media?parent=49"}],"curies":[{"name":"wp","href":"https:\/\/api.w.org\/{rel}","templated":true}]}}