{"id":149,"date":"2021-07-14T01:00:20","date_gmt":"2021-07-14T01:00:20","guid":{"rendered":"http:\/\/wp.df.uba.ar\/lmm\/?page_id=149"},"modified":"2021-09-02T20:25:34","modified_gmt":"2021-09-02T20:25:34","slug":"servicios","status":"publish","type":"page","link":"http:\/\/wp.df.uba.ar\/lmm\/servicios\/","title":{"rendered":"SERVICIOS"},"content":{"rendered":"\n<p>SE BRINDA SERVICIO CON EL MICROSCOPIO FV1000 OLYMPUS.<\/p>\n<p>ESTE EQUIPO ESTA FORMADO POR UN M\u00d3DULO CONFOCAL ESPECTRAL UNIDO A UN MICROSCOPIO INVERTIDO IX81\u00a0<\/p>\n<p>PERMITE OBTENER IMAGENES <strong>CONFOCALES<\/strong> Y <em><a href=\"http:\/\/wp.df.uba.ar\/lmm\/equipamiento-para-brindar-servicios\/\">ESTIMULAR LA MUESTRA<\/a><\/em> CON UN HAZ INDEPENDIENTE. SU MULTIPLE ESPECTRALIDAD PERMITE OBSERVAR SIMULT\u00c1NEAMENTE SE\u00d1ALES EMITIDAS POR DISTINTOS FLUOR\u00d3FOROS.<\/p>\n<p>EL EQUIPO CUENTA CON CELDA AMBIENTAL Y UNA PLATINA MOTORIZADA QUE PERMITEN LA ADQUISICI\u00d3N DE IM\u00c1GENES POR TIEMPOS PROLONGADOS EN CONDICIONES FISIOL\u00d3GICAS CONTROLADAS.<\/p>\n<p>El servicio de microscop\u00eda confocal funciona de lunes a viernes.<\/p>\n<p>Antes de realizar la reserva del turno se deber\u00e1 contactar por email a la operadora Dra. Maria Laura Ponce (malaupo@gmail.com)<\/p>\n<p>El tiempo m\u00ednimo del turno es de 1 hora y la reserva se efect\u00faa a trav\u00e9s del Sistema Nacional de Microscop\u00eda en:<br \/><a href=\"http:\/\/turnos.microscopia.mincyt.gob.ar\/sistema\/externo\/login.php\"><br \/><strong>Laboratorio de Microscopia y Microespectroscopia (IFIBA)<\/strong><\/a><\/p>\n<p>\u00a0<\/p>\n<p>\u00a0<\/p>\n","protected":false},"excerpt":{"rendered":"<p>SE BRINDA SERVICIO CON EL MICROSCOPIO FV1000 OLYMPUS. ESTE EQUIPO ESTA FORMADO POR UN M\u00d3DULO CONFOCAL ESPECTRAL UNIDO A UN MICROSCOPIO INVERTIDO [&hellip;]<\/p>\n","protected":false},"author":13,"featured_media":0,"parent":0,"menu_order":0,"comment_status":"closed","ping_status":"closed","template":"","meta":{"_bbp_topic_count":0,"_bbp_reply_count":0,"_bbp_total_topic_count":0,"_bbp_total_reply_count":0,"_bbp_voice_count":0,"_bbp_anonymous_reply_count":0,"_bbp_topic_count_hidden":0,"_bbp_reply_count_hidden":0,"_bbp_forum_subforum_count":0,"footnotes":""},"class_list":["post-149","page","type-page","status-publish","hentry"],"_links":{"self":[{"href":"http:\/\/wp.df.uba.ar\/lmm\/wp-json\/wp\/v2\/pages\/149","targetHints":{"allow":["GET"]}}],"collection":[{"href":"http:\/\/wp.df.uba.ar\/lmm\/wp-json\/wp\/v2\/pages"}],"about":[{"href":"http:\/\/wp.df.uba.ar\/lmm\/wp-json\/wp\/v2\/types\/page"}],"author":[{"embeddable":true,"href":"http:\/\/wp.df.uba.ar\/lmm\/wp-json\/wp\/v2\/users\/13"}],"replies":[{"embeddable":true,"href":"http:\/\/wp.df.uba.ar\/lmm\/wp-json\/wp\/v2\/comments?post=149"}],"version-history":[{"count":10,"href":"http:\/\/wp.df.uba.ar\/lmm\/wp-json\/wp\/v2\/pages\/149\/revisions"}],"predecessor-version":[{"id":312,"href":"http:\/\/wp.df.uba.ar\/lmm\/wp-json\/wp\/v2\/pages\/149\/revisions\/312"}],"wp:attachment":[{"href":"http:\/\/wp.df.uba.ar\/lmm\/wp-json\/wp\/v2\/media?parent=149"}],"curies":[{"name":"wp","href":"https:\/\/api.w.org\/{rel}","templated":true}]}}