{"id":52,"date":"2019-09-20T18:55:22","date_gmt":"2019-09-20T16:55:22","guid":{"rendered":"http:\/\/wp.df.uba.ar\/graduados\/?page_id=52"},"modified":"2019-10-19T05:29:16","modified_gmt":"2019-10-19T03:29:16","slug":"informacion","status":"publish","type":"page","link":"http:\/\/wp.df.uba.ar\/graduados\/informacion\/","title":{"rendered":"CoDep informa"},"content":{"rendered":"<p class=\"wp-block-tag-cloud\"><a href=\"http:\/\/wp.df.uba.ar\/graduados\/tag\/actas\/\" class=\"tag-cloud-link tag-link-11 tag-link-position-1\" style=\"font-size: 8pt;\" aria-label=\"actas (1 elemento)\">actas<span class=\"tag-link-count\"> (1)<\/span><\/a>\n<a href=\"http:\/\/wp.df.uba.ar\/graduados\/tag\/computacional\/\" class=\"tag-cloud-link tag-link-23 tag-link-position-2\" style=\"font-size: 8pt;\" aria-label=\"computacional (1 elemento)\">computacional<span class=\"tag-link-count\"> (1)<\/span><\/a>\n<a href=\"http:\/\/wp.df.uba.ar\/graduados\/tag\/concursos\/\" class=\"tag-cloud-link tag-link-8 tag-link-position-3\" style=\"font-size: 8pt;\" aria-label=\"concursos (1 elemento)\">concursos<span class=\"tag-link-count\"> (1)<\/span><\/a>\n<a href=\"http:\/\/wp.df.uba.ar\/graduados\/tag\/cpa\/\" class=\"tag-cloud-link tag-link-14 tag-link-position-4\" style=\"font-size: 8pt;\" aria-label=\"cpa (1 elemento)\">cpa<span class=\"tag-link-count\"> (1)<\/span><\/a>\n<a href=\"http:\/\/wp.df.uba.ar\/graduados\/tag\/calculo-numerico\/\" class=\"tag-cloud-link tag-link-22 tag-link-position-5\" style=\"font-size: 8pt;\" aria-label=\"c\u00e1lculo num\u00e9rico (1 elemento)\">c\u00e1lculo num\u00e9rico<span class=\"tag-link-count\"> (1)<\/span><\/a>\n<a href=\"http:\/\/wp.df.uba.ar\/graduados\/tag\/democracia\/\" class=\"tag-cloud-link tag-link-27 tag-link-position-6\" style=\"font-size: 8pt;\" aria-label=\"democracia (1 elemento)\">democracia<span class=\"tag-link-count\"> (1)<\/span><\/a>\n<a href=\"http:\/\/wp.df.uba.ar\/graduados\/tag\/docentes\/\" class=\"tag-cloud-link tag-link-10 tag-link-position-7\" style=\"font-size: 8pt;\" aria-label=\"docentes (1 elemento)\">docentes<span class=\"tag-link-count\"> (1)<\/span><\/a>\n<a href=\"http:\/\/wp.df.uba.ar\/graduados\/tag\/encuestas\/\" class=\"tag-cloud-link tag-link-16 tag-link-position-8\" style=\"font-size: 22pt;\" aria-label=\"encuestas (2 elementos)\">encuestas<span class=\"tag-link-count\"> (2)<\/span><\/a>\n<a href=\"http:\/\/wp.df.uba.ar\/graduados\/tag\/estadistica\/\" class=\"tag-cloud-link tag-link-20 tag-link-position-9\" style=\"font-size: 8pt;\" aria-label=\"estadistica (1 elemento)\">estadistica<span class=\"tag-link-count\"> (1)<\/span><\/a>\n<a href=\"http:\/\/wp.df.uba.ar\/graduados\/tag\/genex\/\" class=\"tag-cloud-link tag-link-25 tag-link-position-10\" style=\"font-size: 8pt;\" aria-label=\"GenEx (1 elemento)\">GenEx<span class=\"tag-link-count\"> (1)<\/span><\/a>\n<a href=\"http:\/\/wp.df.uba.ar\/graduados\/tag\/inclusion\/\" class=\"tag-cloud-link tag-link-26 tag-link-position-11\" style=\"font-size: 8pt;\" aria-label=\"inclusi\u00f3n (1 elemento)\">inclusi\u00f3n<span class=\"tag-link-count\"> (1)<\/span><\/a>\n<a href=\"http:\/\/wp.df.uba.ar\/graduados\/tag\/investigadores\/\" class=\"tag-cloud-link tag-link-12 tag-link-position-12\" style=\"font-size: 8pt;\" aria-label=\"investigadores (1 elemento)\">investigadores<span class=\"tag-link-count\"> (1)<\/span><\/a>\n<a href=\"http:\/\/wp.df.uba.ar\/graduados\/tag\/materias-de-posgrado\/\" class=\"tag-cloud-link tag-link-21 tag-link-position-13\" style=\"font-size: 8pt;\" aria-label=\"materias de posgrado (1 elemento)\">materias de posgrado<span class=\"tag-link-count\"> (1)<\/span><\/a>\n<a href=\"http:\/\/wp.df.uba.ar\/graduados\/tag\/muestras\/\" class=\"tag-cloud-link tag-link-15 tag-link-position-14\" style=\"font-size: 8pt;\" aria-label=\"muestras (1 elemento)\">muestras<span class=\"tag-link-count\"> (1)<\/span><\/a>\n<a href=\"http:\/\/wp.df.uba.ar\/graduados\/tag\/optativas\/\" class=\"tag-cloud-link tag-link-9 tag-link-position-15\" style=\"font-size: 22pt;\" aria-label=\"optativas (2 elementos)\">optativas<span class=\"tag-link-count\"> (2)<\/span><\/a>\n<a href=\"http:\/\/wp.df.uba.ar\/graduados\/tag\/posgrado\/\" class=\"tag-cloud-link tag-link-17 tag-link-position-16\" style=\"font-size: 22pt;\" aria-label=\"posgrado (2 elementos)\">posgrado<span class=\"tag-link-count\"> (2)<\/span><\/a>\n<a href=\"http:\/\/wp.df.uba.ar\/graduados\/tag\/programacion\/\" class=\"tag-cloud-link tag-link-24 tag-link-position-17\" style=\"font-size: 8pt;\" aria-label=\"programaci\u00f3n (1 elemento)\">programaci\u00f3n<span class=\"tag-link-count\"> (1)<\/span><\/a>\n<a href=\"http:\/\/wp.df.uba.ar\/graduados\/tag\/taller\/\" class=\"tag-cloud-link tag-link-13 tag-link-position-18\" style=\"font-size: 8pt;\" aria-label=\"taller (1 elemento)\">taller<span class=\"tag-link-count\"> (1)<\/span><\/a>\n<a href=\"http:\/\/wp.df.uba.ar\/graduados\/tag\/visitantes\/\" class=\"tag-cloud-link tag-link-18 tag-link-position-19\" style=\"font-size: 8pt;\" aria-label=\"visitantes (1 elemento)\">visitantes<span class=\"tag-link-count\"> (1)<\/span><\/a><\/p>\n\n\n<h2 class=\"wp-block-heading\">Actas de las reuniones de graduados<\/h2>\n\n\n\n<pre class=\"wp-block-verse\">2019  | <span style=\"color: #00ccff\"><a style=\"color: #00ccff\" href=\"https:\/\/wp.df.uba.ar\/graduados\/2019\/09\/21\/actas-30-de-octubre-2019\/\">Agosto<\/a><\/span><br>2019  | Septiembre<br>2019  | <span style=\"color: #00ccff\"><a style=\"color: #00ccff\" href=\"http:\/\/wp.df.uba.ar\/graduados\/2019\/10\/17\/acta-16-de-octubre-de-2019\/\">Octubre<\/a><\/span><\/pre>\n\n\n\n<h2 class=\"wp-block-heading\">Encuestas de materias de posgrado 2019<\/h2>\n\n\n\n<p>Realizamos una consulta sobre las materias de posgrado, pertinencia, areas, variedad, etc. Consult\u00e1 los resultados en el siguiente <span style=\"background-color: #ccffff\"><a style=\"background-color: #ccffff\" href=\"https:\/\/wp.df.uba.ar\/graduados\/2019\/10\/16\/encuestas-sobre-materias-de-posgrado\/\"><strong>link<\/strong><\/a><\/span><\/p>\n\n\n\n<p><img loading=\"lazy\" decoding=\"async\" class=\"alignnone size-medium wp-image-219 aligncenter\" src=\"http:\/\/wp.df.uba.ar\/graduados\/wp-content\/uploads\/sites\/36\/2019\/10\/drawing-268x300.png\" alt=\"\" width=\"268\" height=\"300\" srcset=\"http:\/\/wp.df.uba.ar\/graduados\/wp-content\/uploads\/sites\/36\/2019\/10\/drawing-268x300.png 268w, http:\/\/wp.df.uba.ar\/graduados\/wp-content\/uploads\/sites\/36\/2019\/10\/drawing-241x270.png 241w, http:\/\/wp.df.uba.ar\/graduados\/wp-content\/uploads\/sites\/36\/2019\/10\/drawing-134x150.png 134w, http:\/\/wp.df.uba.ar\/graduados\/wp-content\/uploads\/sites\/36\/2019\/10\/drawing.png 556w\" sizes=\"auto, (max-width: 268px) 100vw, 268px\" \/><\/p>\n\n\n\n<h2 class=\"wp-block-heading\">Sensibilizaci\u00f3n sobre perspectiva de g\u00e9neros<\/h2>\n\n\n\n<p><img loading=\"lazy\" decoding=\"async\" class=\"wp-image-251 aligncenter\" src=\"http:\/\/wp.df.uba.ar\/graduados\/wp-content\/uploads\/sites\/36\/2019\/10\/banner-animado-1280-300x87.gif\" alt=\"\" width=\"590\" height=\"171\" srcset=\"http:\/\/wp.df.uba.ar\/graduados\/wp-content\/uploads\/sites\/36\/2019\/10\/banner-animado-1280-300x87.gif 300w, http:\/\/wp.df.uba.ar\/graduados\/wp-content\/uploads\/sites\/36\/2019\/10\/banner-animado-1280-768x222.gif 768w, http:\/\/wp.df.uba.ar\/graduados\/wp-content\/uploads\/sites\/36\/2019\/10\/banner-animado-1280-1024x296.gif 1024w, http:\/\/wp.df.uba.ar\/graduados\/wp-content\/uploads\/sites\/36\/2019\/10\/banner-animado-1280-360x104.gif 360w, http:\/\/wp.df.uba.ar\/graduados\/wp-content\/uploads\/sites\/36\/2019\/10\/banner-animado-1280-149x43.gif 149w\" sizes=\"auto, (max-width: 590px) 100vw, 590px\" \/><\/p>\n<p>CoDep graduados apoya el lema: Por la construcci\u00f3n de una Facultad m\u00e1s inclusiva, equitativa, democr\u00e1tica y libre de sexismos.<\/p>\n<p>Por tal motivo, invita a los graduados a participar en las charlas de sensibilizaci\u00f3n que organiza el programa de g\u00e9nero de la facultad, organizadas por GenEx<\/p>\n<p>Mas informaci\u00f3n en el siguiente\u00a0<span style=\"background-color: #ccffff\"><strong><a style=\"background-color: #ccffff\" href=\"https:\/\/wp.df.uba.ar\/graduados\/2019\/10\/18\/sensibilizacion-sobre-perspectiva-de-generos\/?preview_id=246&amp;preview_nonce=2ee74a58e8&amp;preview=true\">link<\/a><\/strong><\/span><\/p>\n\n\n\n<p><\/p>\n","protected":false},"excerpt":{"rendered":"<p>Actas de las reuniones de graduados 2019 | Agosto2019 | Septiembre2019 | Octubre Encuestas de materias de posgrado 2019 Realizamos una consulta sobre las materias de posgrado, pertinencia, areas, variedad, etc. Consult\u00e1 los resultados en el siguiente link Sensibilizaci\u00f3n sobre <a href=\"http:\/\/wp.df.uba.ar\/graduados\/informacion\/\" class=\"read-more\">Read More &#8230;<\/a><\/p>\n","protected":false},"author":59,"featured_media":0,"parent":0,"menu_order":1,"comment_status":"closed","ping_status":"closed","template":"","meta":{"_bbp_topic_count":0,"_bbp_reply_count":0,"_bbp_total_topic_count":0,"_bbp_total_reply_count":0,"_bbp_voice_count":0,"_bbp_anonymous_reply_count":0,"_bbp_topic_count_hidden":0,"_bbp_reply_count_hidden":0,"_bbp_forum_subforum_count":0,"footnotes":""},"class_list":["post-52","page","type-page","status-publish","hentry"],"_links":{"self":[{"href":"http:\/\/wp.df.uba.ar\/graduados\/wp-json\/wp\/v2\/pages\/52","targetHints":{"allow":["GET"]}}],"collection":[{"href":"http:\/\/wp.df.uba.ar\/graduados\/wp-json\/wp\/v2\/pages"}],"about":[{"href":"http:\/\/wp.df.uba.ar\/graduados\/wp-json\/wp\/v2\/types\/page"}],"author":[{"embeddable":true,"href":"http:\/\/wp.df.uba.ar\/graduados\/wp-json\/wp\/v2\/users\/59"}],"replies":[{"embeddable":true,"href":"http:\/\/wp.df.uba.ar\/graduados\/wp-json\/wp\/v2\/comments?post=52"}],"version-history":[{"count":26,"href":"http:\/\/wp.df.uba.ar\/graduados\/wp-json\/wp\/v2\/pages\/52\/revisions"}],"predecessor-version":[{"id":267,"href":"http:\/\/wp.df.uba.ar\/graduados\/wp-json\/wp\/v2\/pages\/52\/revisions\/267"}],"wp:attachment":[{"href":"http:\/\/wp.df.uba.ar\/graduados\/wp-json\/wp\/v2\/media?parent=52"}],"curies":[{"name":"wp","href":"https:\/\/api.w.org\/{rel}","templated":true}]}}