{"id":27,"date":"2017-11-16T02:02:37","date_gmt":"2017-11-16T02:02:37","guid":{"rendered":"http:\/\/wp.df.uba.ar\/ggapsla\/?page_id=27"},"modified":"2017-11-28T14:07:34","modified_gmt":"2017-11-28T14:07:34","slug":"lists-of-best-practices","status":"publish","type":"page","link":"http:\/\/wp.df.uba.ar\/ggapsla\/lists-of-best-practices\/","title":{"rendered":"Lists of good practices"},"content":{"rendered":"<p>Here we\u00a0are compiling\u00a0a list of actions, programs, statements, etc that have been undertaken in different places to improve the\u00a0situation of women scientists and help reduce the gender gap in science. The list is partial and under continuous improvement. The presentations of Workshop participants can be found here.<\/p>\n<h2><strong>Schemes to change institutional environments:<\/strong><\/h2>\n<p><span style=\"font-size: 12pt\"><strong>Athena Swan Charter:<\/strong>\u00a0Recognising advancement of gender equality: representation, progression and success for all. (<a href=\"http:\/\/www.ecu.ac.uk\/equality-charters\/athena-swan\/\">http:\/\/www.ecu.ac.uk\/equality-charters\/athena-swan\/<\/a>)<\/span><\/p>\n<p><span style=\"font-size: 12pt\"><strong>Project Juno of the UK Institute of Physics:\u00a0<\/strong>Its aim is to recognize and reward physics departments, schools, institutes and organisations that can demonstrate they have taken action to address gender equality in physics and to encourage better practice for all staff.\u00a0(<a href=\"http:\/\/www.iop.org\/policy\/diversity\/initiatives\/juno\/index.html\">http:\/\/www.iop.org\/policy\/diversity\/initiatives\/juno\/index.html<\/a>)<\/span><\/p>\n<p><span style=\"font-size: 12pt\"><strong>NSF ADVANCE Program:<\/strong> Increasing the Participation and Advancement of Women in Academic Science and Engineering Careers\u00a0<a href=\"https:\/\/www.nsf.gov\/funding\/pgm_summ.jsp?pims_id=5383\">https:\/\/www.nsf.gov\/funding\/pgm_summ.jsp?pims_id=5383<\/a>\u00a0<\/span><\/p>\n<p><strong><a href=\"http:\/\/www.genderportal.eu\/\">GenderPort<\/a>,\u00a0Gender Portal of the European Union<\/strong><\/p>\n<h2><strong>Gender Violence and Sexual Harassment<\/strong><\/h2>\n<p><strong>IUPAP conference policies:<\/strong> Requirements related to gender issues to\u00a0obtain support from IUPAP\u00a0\u00a0<a href=\"http:\/\/iupap.org\/sponsored-conferences\/conference-policies\/\">http:\/\/iupap.org\/sponsored-conferences\/conference-policies\/<\/a><\/p>\n<p><strong>IAU anti-harassment guidelines:<\/strong> <a href=\"https:\/\/www.iau.org\/news\/announcements\/detail\/ann16007\/\">https:\/\/www.iau.org\/news\/announcements\/detail\/ann16007\/<\/a><\/p>\n<p><strong>France: Charter for Gender Fairness at Conferences\u00a0\u00a0<\/strong><a href=\"https:\/\/www.sfpnet.fr\/uploads\/tinymce\/PDF\/Gender%20Fairness_6juin2017.pdf\">https:\/\/www.sfpnet.fr\/uploads\/tinymce\/PDF\/Gender%20Fairness_6juin2017.pdf<\/a><\/p>\n<p><strong>Universidad de Buenos Aires, Argentina, protocol to handle gender violence or discrimination:<\/strong> \u201c<a href=\"http:\/\/www.uba.ar\/archivos_uba\/2015-12-09_4043.pdf\" target=\"_blank\">Protocolo de acci\u00f3n institucional para la prevenci\u00f3n e intervenci\u00f3n ante situaciones de violencia o discriminaci\u00f3n de g\u00e9nero u orientaci\u00f3n sexual<\/a>\u201d<\/p>\n<p><strong><a href=\"http:\/\/www.unr.edu.ar\/noticia\/8690\/protocolo-a-seguir-ante-situaciones-de-violencia\">Protocolo a seguir ante situaciones de violencia<\/a>, Universidad Nacional de Rosario, Argentina<\/strong><\/p>\n<p><strong><a href=\"http:\/\/www.unsam.edu.ar\/pcvg\/pdf\/Protocolo-Resolucion230-15.pdf\">Protocolo para la actuaci\u00f3n en situaciones de discriminaci\u00f3n y\/o violencia de g\u00e9nero de la Universidad Nacional de San Mart\u00edn<\/a>, Argentina<\/strong><\/p>\n<p><strong><a href=\"https:\/\/www.facebook.com\/noesnormaluniandes\/\">No Es Normal<\/a>, red social de estudiantes de Universidad de los Andes, Bogot\u00e1, Colombia<\/strong><\/p>\n<p><strong><a href=\"http:\/\/www.genero.ipn.mx\/test\/paginas\/violent%C3%B3metro.aspx\">Violent\u00f3metro<\/a>, Instituto Polit\u00e9cnico Nacional, Mexico<\/strong><\/p>\n<p><strong><a href=\"http:\/\/catedraunescodh.unam.mx\/catedra\/violencia\/violentometro.html\">Violent\u00f3metro de la UNAM<\/a><\/strong><\/p>\n<p id=\"firstHeading\" class=\"firstHeading\" lang=\"es\">\n<h2><strong>Gender Equity Programs and Policies at Latin American Academic and Scientific Institutions<\/strong><\/h2>\n<p class=\"csc-firstHeader\"><strong>CNPq, Brasil,\u00a0<a href=\"http:\/\/cnpq.br\/apresentacao-mulher-e-ciencia\">Programa Mulher e Ciencia<\/a><\/strong><\/p>\n<p class=\"csc-firstHeader\"><strong>Observatorio de Asuntos de G\u00e9nero, Universidad Nacional de Colombia.\u00a0<\/strong><a href=\"http:\/\/www.bienestar.unal.edu.co\/observatorio-de-asuntos-de-genero\/\">http:\/\/www.bienestar.unal.edu.co\/observatorio-de-asuntos-de-genero\/<\/a><\/p>\n<p><strong>GenEx:<\/strong> Programa por la Igualdad de G\u00e9nero de la Facultad de Ciencia Exactas y Naturales de la Universidad de Buenos Aires.\u00a0\u00a0<a href=\"https:\/\/exactas.uba.ar\/institucional\/programa-de-genero\/genex-informacion-de-interes\/\">https:\/\/exactas.uba.ar\/institucional\/programa-de-genero\/genex-informacion-de-interes\/<\/a><\/p>\n<p class=\"titulo\"><strong>Programa de Ingreso Prioritario de Equidad de G\u00e9nero, Facultad de Ciencias F\u00edsicas y Matem\u00e1ticas, Universidad de Chile.\u00a0<\/strong><a href=\"http:\/\/ingenieria.uchile.cl\/admision\/admision-especial-pregrado\/94355\/cupos-equidad-de-genero\">http:\/\/ingenieria.uchile.cl\/admision\/admision-especial-pregrado\/94355\/cupos-equidad-de-genero<\/a><\/p>\n<p><strong><a href=\"http:\/\/grupomontevideo.org\/ndca\/cagenero\/\">Comisi\u00f3n Acad\u00e9mica de G\u00e9nero,\u00a0Asociaci\u00f3n de Universidades Grupo Montevideo<\/a><\/strong><\/p>\n<p><a href=\"http:\/\/uniandes.edu.co\/noticias\/ambiente-y-sostenibilidad\/mujeres-en-ciencias-e-ingenieria\"><strong>Mujeres en Ciencia y Tecnolog\u00eda, Universidad de los Andes, Bogot\u00e1, Colombia.\u00a0<\/strong><\/a><\/p>\n<p><strong><a href=\"http:\/\/www.conicyt.cl\/mujeres-en-ciencia-y-tecnologia\/\">Mujeres en Ciencia, CONICyT, Chile<\/a>. <a href=\"http:\/\/www.conicyt.cl\/mujeres-en-ciencia-y-tecnologia\/documentos\/\">Documents.<\/a> Programs.\u00a0<\/strong><\/p>\n<p><strong><a href=\"http:\/\/sites.usp.br\/uspmulheres\/\">USP Mulheres<\/a> Universidade de Sao Paulo, Brasil\u00a0<\/strong><\/p>\n<p><strong>Coloquio: <a href=\"https:\/\/www.facebook.com\/reuna.chile\/videos\/1140269392772364\/\">&#8220;Buenas Pr\u00e1cticas para la Transversalidad de G\u00e9nero&#8221;<\/a>, Universidad de Santiago de Chile, Chile<\/strong><\/p>\n<p><strong><a href=\"https:\/\/www.ufrgs.br\/meninasnaciencia\/\">Meninas na Ciencia<\/a>, Universidade Federal do Rio Grande do Sul, Brasil<\/strong><\/p>\n<h2><strong>Strategies for Effecting Gender Equity and Institutional Change<\/strong><\/h2>\n<p>Programs and experiences of institutions that have implemented Institutional Transformation (IT) projects under the National Science Foundation&#8217;s ADVANCE program,\u00a0<strong><a href=\"http:\/\/www.strategictoolkit.org\">www.strategictoolkit.org<\/a><\/strong><\/p>\n<p><strong><a href=\"https:\/\/implicit.harvard.edu\/implicit\/takeatest.html\">Project Implicit<\/a>,\u00a0<\/strong>a non-profit organization and international collaboration between researchers who are interested in implicit social cognition &#8211; thoughts and feelings outside of conscious awareness and control. The goal of the organization is to educate the public about hidden biases and to provide a \u201cvirtual laboratory\u201d for collecting data on the Internet.<\/p>\n<p><a href=\"http:\/\/campuscitep.rec.uba.ar\/enrol\/index.php?id=2113\"><strong>Curso de G\u00e9nero para Docentes de la Universidad de Buenos Aires <\/strong><\/a><\/p>\n<p class=\"content__headline\">Article in The Guardian about unconscious biases with links:\u00a0<strong><a href=\"https:\/\/www.google.com.co\/amp\/s\/amp.theguardian.com\/global-development-professionals-network\/2016\/sep\/13\/the-fascinating-world-of-unconscious-bias-and-development-policy\">The fascinating world of unconscious bias and development policy<\/a><\/strong><\/p>\n<p>World Bank Report: <strong><a href=\"http:\/\/documents.worldbank.org\/curated\/en\/645741468339541646\/pdf\/928630WDR0978100Box385358B00PUBLIC0.pdf\">&#8220;Mind, society and behavior&#8221;\u00a0<\/a><\/strong><\/p>\n<p class=\"content__headline\"><strong><a href=\"https:\/\/genderbias.compadre.org\/\">Gender Bias in Physics: An International Forum<\/a><\/strong><\/p>\n<h2><strong>Indicators of Gender Equity<\/strong><\/h2>\n<p><a href=\"http:\/\/cieg.unam.mx\/images\/equidad\/investigacion\/eisistindi.pdf\">Sistema de indicadores para la equidad de g\u00e9nero en instituciones de educaci\u00f3n superior<\/a><\/p>\n<h2><strong>Charters and Statements<\/strong><\/h2>\n<p><strong>The Baltimore Charter for Women In Astronomy<\/strong>\u00a0<a href=\"http:\/\/www.stsci.edu\/stsci\/meetings\/WiA\/BaltoCharter.html\">http:\/\/www.stsci.edu\/stsci\/meetings\/WiA\/BaltoCharter.html<\/a><\/p>\n<p><strong>Pasadena Recommendations for Gender Equality in Astronomy\u00a0<\/strong><a href=\"https:\/\/cswa.aas.org\/pasadena_endorse.html\">https:\/\/cswa.aas.org\/pasadena_endorse.html<\/a><\/p>\n<h2><strong>Women in Science\u00a0groups of International Scientific Unions<\/strong><\/h2>\n<p><strong>IUPAP Working Group on Women in Physics<\/strong>\u00a0<a href=\"http:\/\/wgwip.df.uba.ar\">http:\/\/wgwip.df.uba.ar<\/a><\/p>\n<p><strong>Committee for Women in Mathematics<\/strong>\u00a0<a href=\"http:\/\/www.mathunion.org\/cwm\">http:\/\/www.mathunion.org\/cwm<\/a><\/p>\n<p><strong>Distinguished Women in Chemistry or Chemical Engineering Awards<\/strong>. Awardees 2017:\u00a0<a href=\"https:\/\/iupac.org\/iupac-2017-distinguished-women\/\">https:\/\/iupac.org\/iupac-2017-distinguished-women\/<\/a><\/p>\n<p><strong>IAU Women in Astronomy<\/strong>\u00a0<a href=\"https:\/\/iauwomeninastronomy.org\/\">https:\/\/iauwomeninastronomy.org\/<\/a><\/p>\n<h2><strong>Women in Science\u00a0groups of National Scientific Societies in Latin America<\/strong><\/h2>\n<p><strong>Comisi\u00f3n de Equidad de G\u00e9nero de la Sociedad Matem\u00e1tica Mexicana<\/strong> <a href=\"http:\/\/comisiondeequidadygenero.org\/\">http:\/\/comisiondeequidadygenero.org\/<\/a><\/p>\n<p><strong>Comisi\u00f3n de Equidad de G\u00e9nero de la Sociedad Colombiana de Matem\u00e1ticas<\/strong> <a href=\"https:\/\/scm.org.co\/scm2017\/comision-de-equidad-y-genero\/\">https:\/\/scm.org.co\/scm2017\/comision-de-equidad-y-genero\/<\/a><\/p>\n<p><strong><a href=\"http:\/\/www.mujeres-matematicas.cl\/\">Colectivo de mujeres matem\u00e1ticas de Chile\u00a0<\/a><\/strong><\/p>\n<h2><strong>Networking<\/strong><\/h2>\n<p><strong>Red Mexciteg: <\/strong>red mexicana de ciencia, tecnolog\u00eda y g\u00e9nero<strong>\u00a0<\/strong>\u00a0<a href=\"http:\/\/redmexciteg.org\/\">http:\/\/redmexciteg.org\/<\/a>\u00a0; canal de youtube:\u00a0<a href=\"https:\/\/www.youtube.com\/channel\/UCMT24gjTYVG4DBxoCT6z_vQ\">https:\/\/www.youtube.com\/channel\/UCMT24gjTYVG4DBxoCT6z_vQ<\/a><\/p>\n<p><strong>Red Colombiana de Mujeres Cient\u00edficas.\u00a0<\/strong><a href=\"http:\/\/ruav.edu.co\/red-colombiana-de-mujeres-cientificas-conocimiento-que-une\/\">http:\/\/ruav.edu.co\/red-colombiana-de-mujeres-cientificas-conocimiento-que-une\/<\/a><\/p>\n<p><strong>INWES, a global network of organizations of women in Science, Technology, Engineering and Mathematics<\/strong> (STEM).\u00a0<a href=\"http:\/\/www.inwes.org\/?page_id=675\">http:\/\/www.inwes.org\/?page_id=675<\/a><\/p>\n<p><strong><a href=\"https:\/\/www.facebook.com\/rictyg\/\">Red Iberoamericana de Ciencia, Tecnolog\u00eda y G\u00e9nero<\/a> &#8211; RICTyG<\/strong><\/p>\n<h2><strong>Workshops for Young Scientists<\/strong><\/h2>\n<p><strong>ICTP:\u00a0<\/strong><a href=\"http:\/\/indico.ictp.it\/event\/7995\/\">Career Development Workshop for Women in Physics<\/a><\/p>\n<p><strong>Taller de Habilidades Profesionales para J\u00f3venes Cient\u00edficas y Estudiantes de Ciencias,\u00a0Puebla 2014 y Cuernavaca 2015\u00a0<a href=\"http:\/\/www.ifuap.buap.mx\/eventos\/II_THPJC\/\">http:\/\/www.ifuap.buap.mx\/eventos\/II_THPJC\/<\/a><\/strong><\/p>\n<p><strong>Taller de Habilidades Profesionales para J\u00f3venes Cient\u00edficas y Estudiantes de Ciencias, Buenos Aires, 2016<\/strong>\u00a0<a href=\"http:\/\/wp.df.uba.ar\/tdscti\/es\/inicio\/\">http:\/\/wp.df.uba.ar\/tdscti\/es\/inicio\/<\/a><\/p>\n<p><strong>Taller de Habilidades Profesionales para J\u00f3venes\u00a0en Ciencias e Ingenier\u00eda, Bogot\u00e1 2017\u00a0\u00a0<\/strong><a href=\"https:\/\/emcyt_icsu017.uniandes.edu.co\/\">https:\/\/emcyt_icsu017.uniandes.edu.co\/<\/a><\/p>\n<h2><strong>Scholarships, Fellowships and Awards for Women, Latin America<\/strong><\/h2>\n<p><strong><a href=\"http:\/\/kovfund.org\/overview.shtml\">Kovalevskaia Fund Prizes\u00a0<\/a><\/strong><\/p>\n<p><a href=\"http:\/\/www.forwomeninscience.com\/en\/home\"><b>L&#8217;Or\u00e9al-UNESCO Award for Women in Science<\/b><\/a>\u00a0(international)<\/p>\n<h2><strong>International Efforts<\/strong><\/h2>\n<p><strong><a href=\"http:\/\/www.unesco.org\/new\/en\/natural-sciences\/priority-areas\/gender-and-science\/improving-measurement-of-gender-equality-in-stem\/stem-and-gender-advancement-saga\/\">STEM and Gender Advancement (SAGA) Project:\u00a0 Improving Measurement and Policies for Gender Equality in STEM. A Global UNESCO project, with the support of Sida<\/a>\u00a0<\/strong><\/p>\n<p><strong>Organization for Women in Science in the Developing World\u00a0<\/strong><a href=\"https:\/\/owsd.net\/\">https:\/\/owsd.net\/<\/a><\/p>\n<p><a href=\"http:\/\/epws.org\/\"><strong>European Platform for Women Scientists<\/strong><\/a><\/p>\n<p><strong><a href=\"https:\/\/genderbias.compadre.org\/\">Gender Bias in Physics: An International Forum<\/a><\/strong><\/p>\n<p><strong>Gender in science, innovation, technology and engineering,<\/strong>\u00a0<a href=\"https:\/\/genderinsite.net\/\">GenderInSite<\/a><\/p>\n<p><strong>InterAmerican Network of Academies of Science (IANAS) <a href=\"http:\/\/www.ianas.org\/index.php\/programs\/women-for-science\">Women for Science Program<\/a><\/strong><\/p>\n<h2><strong>Groups that do research on Women in Science in Latin America<\/strong><\/h2>\n<p><strong>C\u00e1tedra Regional UNESCO Mujer, Ciencia y Tecnolog\u00eda en Am\u00e9rica Latina<\/strong>\u00a0<a href=\"http:\/\/www.catunescomujer.org\/globalnetwork\/esp\/catedra-argentina.html\">http:\/\/www.catunescomujer.org\/globalnetwork\/esp\/catedra-argentina.html<\/a><\/p>\n<p><strong>Grupo de Norma Bl\u00e1zquez Graf en la UNAM<\/strong> <a href=\"http:\/\/www.ceiich.unam.mx\/0\/21Curri.php?tblPersonalAcademico_id=2\">http:\/\/www.ceiich.unam.mx\/0\/21Curri.php?tblPersonalAcademico_id=2\u00a0<\/a><\/p>\n<p class=\"title_content\"><a href=\"http:\/\/www.conicyt.cl\/documentos-y-estadisticas\/publicaciones\/estudios-de-genero-y-stem\/\"><strong>Estudios de G\u00e9nero y STEM, CONACyT, Chile\u00a0<\/strong><\/a><\/p>\n<p><a href=\"https:\/\/investigaciones.uniandes.edu.co\/es\/genero\/\"><strong>Portafolio en G\u00e9nero, Universidad de los Andes, Colombia<\/strong><\/a><\/p>\n<h2><strong>Collaborative Projects with\u00a0the Community, Activities for Kids and for the General Public with a Gender Perspective<\/strong><\/h2>\n<p><strong><a href=\"https:\/\/design.uniandes.edu.co\/proyectos-de-tesis\/correo-patafisico\/\">Correo Pataf\u00edsico<\/a>, Colombia<\/strong><\/p>\n<p><strong><a href=\"http:\/\/www.hermes.unal.edu.co\/pages\/Consultas\/Proyecto.xhtml?idProyecto=36179\">Mujeres y ni\u00f1as cient\u00edficas construyendo paz<\/a>, Universidad Nacional de Colombia<\/strong><\/p>\n<p><strong><a href=\"http:\/\/www.mamasdelrio.org\/\">Mam\u00e1s del r\u00edo<\/a>, Per\u00fa<\/strong><\/p>\n<p><strong><a href=\"http:\/\/artesanaltecnologica.org\/proyectos\/\">Proyectos de Artesanal Tecnol\u00f3gica<\/a>, Colombia<\/strong><\/p>\n<p><strong><a href=\"https:\/\/www.ufrgs.br\/meninasnaciencia\/\">Meninas na Ciencia<\/a>, UFRGS, Brazil<\/strong><\/p>\n<h2><strong>Other Gender Equity Programs and Initiatives in Latin America<\/strong><\/h2>\n<p><a href=\"http:\/\/equipares.org\/\">Equipares<\/a><\/p>\n<p><a href=\"http:\/\/economiafeminita.com\/\">Econom\u00eda Femini(s)ta<\/a><\/p>\n<p><a href=\"http:\/\/economiafeminita.com\/mujeres-en-ciencia\/\">Articles on Women in Science<\/a><\/p>\n<p><a href=\"http:\/\/niunamenos.com.ar\/\">#NiUnaMenos<\/a><\/p>\n<p><a href=\"https:\/\/es.wikipedia.org\/wiki\/Alerta_Machitroll\">Alerta Machitroll<\/a>, Colombia<\/p>\n<p>Usa la raz\u00f3n para que la m\u00fasica no degrade tu condici\u00f3n, Colombia. <a href=\"https:\/\/www.facebook.com\/UsaLaRazon\/\">https:\/\/www.facebook.com\/UsaLaRazon\/<\/a><\/p>\n","protected":false},"excerpt":{"rendered":"<p>Here we\u00a0are compiling\u00a0a list of actions, programs, statements, etc that have been undertaken in different places to improve the\u00a0situation of women scientists and help reduce the gender gap in science. The list is partial and under continuous improvement. The presentations of Workshop participants can be found here. Schemes to change institutional environments: Athena Swan Charter:\u00a0Recognising &hellip; <\/p>\n<p class=\"link-more\"><a href=\"http:\/\/wp.df.uba.ar\/ggapsla\/lists-of-best-practices\/\" class=\"more-link\">Continuar leyendo<span class=\"screen-reader-text\"> &#8220;Lists of good practices&#8221;<\/span><\/a><\/p>\n","protected":false},"author":23,"featured_media":0,"parent":0,"menu_order":0,"comment_status":"closed","ping_status":"closed","template":"","meta":{"_bbp_topic_count":0,"_bbp_reply_count":0,"_bbp_total_topic_count":0,"_bbp_total_reply_count":0,"_bbp_voice_count":0,"_bbp_anonymous_reply_count":0,"_bbp_topic_count_hidden":0,"_bbp_reply_count_hidden":0,"_bbp_forum_subforum_count":0,"footnotes":""},"class_list":["post-27","page","type-page","status-publish","hentry"],"_links":{"self":[{"href":"http:\/\/wp.df.uba.ar\/ggapsla\/wp-json\/wp\/v2\/pages\/27","targetHints":{"allow":["GET"]}}],"collection":[{"href":"http:\/\/wp.df.uba.ar\/ggapsla\/wp-json\/wp\/v2\/pages"}],"about":[{"href":"http:\/\/wp.df.uba.ar\/ggapsla\/wp-json\/wp\/v2\/types\/page"}],"author":[{"embeddable":true,"href":"http:\/\/wp.df.uba.ar\/ggapsla\/wp-json\/wp\/v2\/users\/23"}],"replies":[{"embeddable":true,"href":"http:\/\/wp.df.uba.ar\/ggapsla\/wp-json\/wp\/v2\/comments?post=27"}],"version-history":[{"count":1,"href":"http:\/\/wp.df.uba.ar\/ggapsla\/wp-json\/wp\/v2\/pages\/27\/revisions"}],"predecessor-version":[{"id":28,"href":"http:\/\/wp.df.uba.ar\/ggapsla\/wp-json\/wp\/v2\/pages\/27\/revisions\/28"}],"wp:attachment":[{"href":"http:\/\/wp.df.uba.ar\/ggapsla\/wp-json\/wp\/v2\/media?parent=27"}],"curies":[{"name":"wp","href":"https:\/\/api.w.org\/{rel}","templated":true}]}}