{"id":169,"date":"2022-06-26T17:04:05","date_gmt":"2022-06-26T15:04:05","guid":{"rendered":"http:\/\/wp.df.uba.ar\/gdsc\/?page_id=169"},"modified":"2025-09-15T02:13:18","modified_gmt":"2025-09-15T00:13:18","slug":"semanas-de-las-ciencias","status":"publish","type":"page","link":"http:\/\/wp.df.uba.ar\/gdsc\/semanas-de-las-ciencias\/","title":{"rendered":"Actividades de extensi\u00f3n y divulgaci\u00f3n (Materiales)"},"content":{"rendered":"\n<p class=\"has-medium-font-size\"><strong>Talleres de Ciencia <\/strong><\/p>\n\n\n\n<p class=\"has-medium-font-size\"><strong>Taller de Orientaci\u00f3n Vocacional: \u00bfQu\u00e9 hacen las f\u00edsicas y los f\u00edsicos?<\/strong> <strong>Edici\u00f3n 2025<\/strong><\/p>\n\n\n\n<h2 class=\"wp-block-heading\">Taller de \u00d3rbitas<\/h2>\n\n\n\n<div class=\"wp-block-file\"><a id=\"wp-block-file--media-113e8e2a-656e-42b0-add0-d8d4f6860eb7\" href=\"http:\/\/wp.df.uba.ar\/gdsc\/wp-content\/uploads\/sites\/35\/2025\/09\/Taller-de-orbitas.pdf\">Taller de \u00f3rbitas<\/a><a href=\"http:\/\/wp.df.uba.ar\/gdsc\/wp-content\/uploads\/sites\/35\/2025\/09\/Taller-de-orbitas.pdf\" class=\"wp-block-file__button wp-element-button\" download aria-describedby=\"wp-block-file--media-113e8e2a-656e-42b0-add0-d8d4f6860eb7\">Descarga<\/a><\/div>\n\n\n\n<div class=\"wp-block-file\"><a id=\"wp-block-file--media-c8ad9c53-480f-4338-a226-31196ee47786\" href=\"http:\/\/wp.df.uba.ar\/gdsc\/wp-content\/uploads\/sites\/35\/2025\/09\/Orbitas-Actividades-Cualitativas.pdf\">Orbitas-Actividades-Cualitativas<\/a><a href=\"http:\/\/wp.df.uba.ar\/gdsc\/wp-content\/uploads\/sites\/35\/2025\/09\/Orbitas-Actividades-Cualitativas.pdf\" class=\"wp-block-file__button wp-element-button\" download aria-describedby=\"wp-block-file--media-c8ad9c53-480f-4338-a226-31196ee47786\">Descarga<\/a><\/div>\n\n\n\n<div class=\"wp-block-file\"><a id=\"wp-block-file--media-8fff92f7-7270-4974-9289-0f841da37849\" href=\"http:\/\/wp.df.uba.ar\/gdsc\/wp-content\/uploads\/sites\/35\/2025\/09\/Orbitas-Actividades-Cuantitativas.pdf\">Orbitas-Actividades-Cuantitativas<\/a><a href=\"http:\/\/wp.df.uba.ar\/gdsc\/wp-content\/uploads\/sites\/35\/2025\/09\/Orbitas-Actividades-Cuantitativas.pdf\" class=\"wp-block-file__button wp-element-button\" download aria-describedby=\"wp-block-file--media-8fff92f7-7270-4974-9289-0f841da37849\">Descarga<\/a><\/div>\n\n\n\n<hr class=\"wp-block-separator has-alpha-channel-opacity\" \/>\n\n\n\n<figure class=\"wp-block-image size-full\"><img loading=\"lazy\" decoding=\"async\" width=\"600\" height=\"394\" src=\"http:\/\/wp.df.uba.ar\/gdsc\/wp-content\/uploads\/sites\/35\/2022\/10\/gravity-and-orbits-600.png\" alt=\"\" class=\"wp-image-210\" srcset=\"http:\/\/wp.df.uba.ar\/gdsc\/wp-content\/uploads\/sites\/35\/2022\/10\/gravity-and-orbits-600.png 600w, http:\/\/wp.df.uba.ar\/gdsc\/wp-content\/uploads\/sites\/35\/2022\/10\/gravity-and-orbits-600-300x197.png 300w\" sizes=\"auto, (max-width: 600px) 100vw, 600px\" \/><\/figure>\n\n\n\n<p>Leyes de Kepler: <a href=\"https:\/\/drive.google.com\/file\/d\/1bECRQPnqJ-tsCAf2CX2YSqaR2jLySWG9\/view?usp=sharing\" target=\"_blank\" rel=\"noreferrer noopener\">Primera<\/a>  <a href=\"https:\/\/drive.google.com\/file\/d\/1CpqRcpfuUi3RERlvAxFbg_lb7KdMqtFR\/view?usp=sharing\" target=\"_blank\" rel=\"noreferrer noopener\">Segunda<\/a>  <a href=\"https:\/\/drive.google.com\/file\/d\/1kCGlP2nG8PMIQs-b_bgjJ1IFqwa-l5Tn\/view?usp=sharing\" target=\"_blank\" rel=\"noreferrer noopener\">Tercera<\/a><\/p>\n\n\n\n<p><a href=\"https:\/\/drive.google.com\/file\/d\/1K0HaIT80TkQXIDjg2ykA1b_pZzvuvb0G\/view?usp=sharing\" target=\"_blank\" rel=\"noreferrer noopener\">Ley de gravitaci\u00f3n universal<\/a><\/p>\n\n\n\n<p><a href=\"https:\/\/drive.google.com\/file\/d\/1AQdk8pvHa_uJC-TlT_N-SPuxxz4msjrr\/view?usp=sharing\" target=\"_blank\" rel=\"noreferrer noopener\">Arsat 1 &#8211; Revista Exactamente<\/a><\/p>\n\n\n\n<figure class=\"wp-block-image size-full\"><img loading=\"lazy\" decoding=\"async\" width=\"560\" height=\"287\" src=\"http:\/\/wp.df.uba.ar\/gdsc\/wp-content\/uploads\/sites\/35\/2022\/09\/curvas-conicas-secciones-cono.jpg\" alt=\"\" class=\"wp-image-202\" srcset=\"http:\/\/wp.df.uba.ar\/gdsc\/wp-content\/uploads\/sites\/35\/2022\/09\/curvas-conicas-secciones-cono.jpg 560w, http:\/\/wp.df.uba.ar\/gdsc\/wp-content\/uploads\/sites\/35\/2022\/09\/curvas-conicas-secciones-cono-300x154.jpg 300w\" sizes=\"auto, (max-width: 560px) 100vw, 560px\" \/><figcaption class=\"wp-element-caption\"><strong>Las c\u00f3nicas<\/strong><\/figcaption><\/figure>\n\n\n\n<p class=\"has-medium-font-size\"><strong>Semana de la f\u00edsica 2025<\/strong><\/p>\n\n\n\n<p class=\"has-medium-font-size\">Taller de \u00d3rbitas<\/p>\n\n\n\n<div class=\"wp-block-file\"><a id=\"wp-block-file--media-f54f65d5-4dda-4dc5-aa85-46981eeb9b14\" href=\"http:\/\/wp.df.uba.ar\/gdsc\/wp-content\/uploads\/sites\/35\/2025\/06\/TallerDeOrbitas-SemFis2025.pdf\">TallerDeOrbitas-SemFis2025<\/a><a href=\"http:\/\/wp.df.uba.ar\/gdsc\/wp-content\/uploads\/sites\/35\/2025\/06\/TallerDeOrbitas-SemFis2025.pdf\" class=\"wp-block-file__button wp-element-button\" download aria-describedby=\"wp-block-file--media-f54f65d5-4dda-4dc5-aa85-46981eeb9b14\">Descarga<\/a><\/div>\n\n\n\n<div class=\"wp-block-file\"><a id=\"wp-block-file--media-b31f0db8-d385-4124-baa5-f9820c7a7dcf\" href=\"http:\/\/wp.df.uba.ar\/gdsc\/wp-content\/uploads\/sites\/35\/2025\/06\/Taller-de-orbitas-2025.pdf\">Presentaci\u00f3n del Taller de \u00f3rbitas 2025<\/a><a href=\"http:\/\/wp.df.uba.ar\/gdsc\/wp-content\/uploads\/sites\/35\/2025\/06\/Taller-de-orbitas-2025.pdf\" class=\"wp-block-file__button wp-element-button\" download aria-describedby=\"wp-block-file--media-b31f0db8-d385-4124-baa5-f9820c7a7dcf\">Descarga<\/a><\/div>\n\n\n\n<p>Leyes de Kepler: <a href=\"https:\/\/drive.google.com\/file\/d\/1bECRQPnqJ-tsCAf2CX2YSqaR2jLySWG9\/view?usp=sharing\" target=\"_blank\" rel=\"noreferrer noopener\">Primera<\/a>  <a href=\"https:\/\/drive.google.com\/file\/d\/1CpqRcpfuUi3RERlvAxFbg_lb7KdMqtFR\/view?usp=sharing\" target=\"_blank\" rel=\"noreferrer noopener\">Segunda<\/a>  <a href=\"https:\/\/drive.google.com\/file\/d\/1kCGlP2nG8PMIQs-b_bgjJ1IFqwa-l5Tn\/view?usp=sharing\" target=\"_blank\" rel=\"noreferrer noopener\">Tercera<\/a><\/p>\n\n\n\n<p><a href=\"https:\/\/drive.google.com\/file\/d\/1K0HaIT80TkQXIDjg2ykA1b_pZzvuvb0G\/view?usp=sharing\" target=\"_blank\" rel=\"noreferrer noopener\">Ley de gravitaci\u00f3n universal<\/a><\/p>\n\n\n\n<p><a href=\"https:\/\/drive.google.com\/file\/d\/1AQdk8pvHa_uJC-TlT_N-SPuxxz4msjrr\/view?usp=sharing\" target=\"_blank\" rel=\"noreferrer noopener\">Arsat 1 &#8211; Revista Exactamente<\/a><\/p>\n\n\n\n<hr class=\"wp-block-separator has-alpha-channel-opacity\" \/>\n\n\n\n<p class=\"has-medium-font-size\">Taller de Densidad<\/p>\n\n\n\n<div class=\"wp-block-file\"><a id=\"wp-block-file--media-1b6447f2-af95-47b5-9caf-bdbe7ffd9668\" href=\"http:\/\/wp.df.uba.ar\/gdsc\/wp-content\/uploads\/sites\/35\/2025\/06\/Actividad-taller-de-densidad.pdf\">Actividad taller de densidad<\/a><a href=\"http:\/\/wp.df.uba.ar\/gdsc\/wp-content\/uploads\/sites\/35\/2025\/06\/Actividad-taller-de-densidad.pdf\" class=\"wp-block-file__button wp-element-button\" download aria-describedby=\"wp-block-file--media-1b6447f2-af95-47b5-9caf-bdbe7ffd9668\">Descarga<\/a><\/div>\n\n\n\n<hr class=\"wp-block-separator has-alpha-channel-opacity\" \/>\n\n\n\n<hr class=\"wp-block-separator has-alpha-channel-opacity\" \/>\n\n\n\n<p class=\"has-medium-font-size\"><strong>Semana de la f\u00edsica 2024<\/strong><\/p>\n\n\n\n<p class=\"has-medium-font-size\">Taller de \u00d3rbitas<\/p>\n\n\n\n<div class=\"wp-block-file\"><a id=\"wp-block-file--media-76ed05ff-68b3-46ac-b9ef-d789ec18de25\" href=\"http:\/\/wp.df.uba.ar\/gdsc\/wp-content\/uploads\/sites\/35\/2024\/06\/TallerDeOrbitas-SemFis2024.pdf\">TallerDeOrbitas-SemFis2024<\/a><a href=\"http:\/\/wp.df.uba.ar\/gdsc\/wp-content\/uploads\/sites\/35\/2024\/06\/TallerDeOrbitas-SemFis2024.pdf\" class=\"wp-block-file__button wp-element-button\" download aria-describedby=\"wp-block-file--media-76ed05ff-68b3-46ac-b9ef-d789ec18de25\">Descarga<\/a><\/div>\n\n\n\n<p>Leyes de Kepler: <a href=\"https:\/\/drive.google.com\/file\/d\/1bECRQPnqJ-tsCAf2CX2YSqaR2jLySWG9\/view?usp=sharing\" target=\"_blank\" rel=\"noreferrer noopener\">Primera<\/a>  <a href=\"https:\/\/drive.google.com\/file\/d\/1CpqRcpfuUi3RERlvAxFbg_lb7KdMqtFR\/view?usp=sharing\" target=\"_blank\" rel=\"noreferrer noopener\">Segunda<\/a>  <a href=\"https:\/\/drive.google.com\/file\/d\/1kCGlP2nG8PMIQs-b_bgjJ1IFqwa-l5Tn\/view?usp=sharing\" target=\"_blank\" rel=\"noreferrer noopener\">Tercera<\/a><\/p>\n\n\n\n<p><a href=\"https:\/\/drive.google.com\/file\/d\/1K0HaIT80TkQXIDjg2ykA1b_pZzvuvb0G\/view?usp=sharing\" target=\"_blank\" rel=\"noreferrer noopener\">Ley de gravitaci\u00f3n universal<\/a><\/p>\n\n\n\n<p><a href=\"https:\/\/drive.google.com\/file\/d\/1AQdk8pvHa_uJC-TlT_N-SPuxxz4msjrr\/view?usp=sharing\" target=\"_blank\" rel=\"noreferrer noopener\">Arsat 1 &#8211; Revista Exactamente<\/a><\/p>\n\n\n\n<p class=\"has-medium-font-size\">Taller de Densidad<\/p>\n\n\n\n<div class=\"wp-block-file\"><a id=\"wp-block-file--media-e93d8ae6-a79c-4b7b-bef7-5e40339adf24\" href=\"http:\/\/wp.df.uba.ar\/gdsc\/wp-content\/uploads\/sites\/35\/2024\/06\/Taller-de-densidad-SemFis2024.pdf\">Taller-de-densidad-SemFis2024<\/a><a href=\"http:\/\/wp.df.uba.ar\/gdsc\/wp-content\/uploads\/sites\/35\/2024\/06\/Taller-de-densidad-SemFis2024.pdf\" class=\"wp-block-file__button wp-element-button\" download aria-describedby=\"wp-block-file--media-e93d8ae6-a79c-4b7b-bef7-5e40339adf24\">Descarga<\/a><\/div>\n\n\n\n<p><\/p>\n\n\n\n<p class=\"has-medium-font-size\"><strong>Semana de la qu\u00edmica 2022<\/strong><\/p>\n\n\n\n<div class=\"wp-block-group\"><div class=\"wp-block-group__inner-container is-layout-flow wp-block-group-is-layout-flow\">\n<p><a href=\"https:\/\/drive.google.com\/file\/d\/1nj2OIo0WD_j7AKjIMx9jNh80pPQt9tb9\/view?usp=sharing\" target=\"_blank\" rel=\"noreferrer noopener\">Gu\u00eda de actividades<\/a><\/p>\n<\/div><\/div>\n\n\n\n<p><a rel=\"noreferrer noopener\" href=\"https:\/\/drive.google.com\/file\/d\/1-aX1U2SOuI1DDcob37phzW22P0RGZ-WI\/view?usp=sharing\" target=\"_blank\">Base de datos<\/a><\/p>\n\n\n\n<figure class=\"wp-block-image size-full is-resized\"><img loading=\"lazy\" decoding=\"async\" width=\"732\" height=\"717\" src=\"http:\/\/wp.df.uba.ar\/gdsc\/wp-content\/uploads\/sites\/35\/2022\/10\/imagen.png\" alt=\"\" class=\"wp-image-211\" style=\"width:549px;height:538px\" srcset=\"http:\/\/wp.df.uba.ar\/gdsc\/wp-content\/uploads\/sites\/35\/2022\/10\/imagen.png 732w, http:\/\/wp.df.uba.ar\/gdsc\/wp-content\/uploads\/sites\/35\/2022\/10\/imagen-300x294.png 300w\" sizes=\"auto, (max-width: 732px) 100vw, 732px\" \/><\/figure>\n\n\n\n<h2 class=\"wp-block-heading\">Taller de gases ideales<\/h2>\n\n\n\n<div class=\"wp-block-file\"><a id=\"wp-block-file--media-fd3ead49-06e0-4f51-be8b-b927efa534ce\" href=\"http:\/\/wp.df.uba.ar\/gdsc\/wp-content\/uploads\/sites\/35\/2023\/09\/Taller-de-gases-ideales.pdf\">Taller-de-gases-ideales<\/a><a href=\"http:\/\/wp.df.uba.ar\/gdsc\/wp-content\/uploads\/sites\/35\/2023\/09\/Taller-de-gases-ideales.pdf\" class=\"wp-block-file__button wp-element-button\" download aria-describedby=\"wp-block-file--media-fd3ead49-06e0-4f51-be8b-b927efa534ce\">Descarga<\/a><\/div>\n\n\n\n<figure class=\"wp-block-image size-full\"><img loading=\"lazy\" decoding=\"async\" width=\"468\" height=\"382\" src=\"http:\/\/wp.df.uba.ar\/gdsc\/wp-content\/uploads\/sites\/35\/2022\/10\/Leyes-de-los-gases.jpg\" alt=\"\" class=\"wp-image-208\" srcset=\"http:\/\/wp.df.uba.ar\/gdsc\/wp-content\/uploads\/sites\/35\/2022\/10\/Leyes-de-los-gases.jpg 468w, http:\/\/wp.df.uba.ar\/gdsc\/wp-content\/uploads\/sites\/35\/2022\/10\/Leyes-de-los-gases-300x245.jpg 300w\" sizes=\"auto, (max-width: 468px) 100vw, 468px\" \/><\/figure>\n","protected":false},"excerpt":{"rendered":"<p>Talleres de Ciencia Taller de Orientaci\u00f3n Vocacional: \u00bfQu\u00e9 hacen las f\u00edsicas y los f\u00edsicos? Edici\u00f3n 2025 Taller de \u00d3rbitas Leyes de Kepler: Primera Segunda Tercera Ley de gravitaci\u00f3n universal Arsat 1 &#8211; Revista Exactamente Semana de la f\u00edsica 2025 Taller &hellip; <a href=\"http:\/\/wp.df.uba.ar\/gdsc\/semanas-de-las-ciencias\/\">Sigue leyendo <span class=\"meta-nav\">&rarr;<\/span><\/a><\/p>\n","protected":false},"author":57,"featured_media":0,"parent":0,"menu_order":6,"comment_status":"closed","ping_status":"closed","template":"","meta":{"_bbp_topic_count":0,"_bbp_reply_count":0,"_bbp_total_topic_count":0,"_bbp_total_reply_count":0,"_bbp_voice_count":0,"_bbp_anonymous_reply_count":0,"_bbp_topic_count_hidden":0,"_bbp_reply_count_hidden":0,"_bbp_forum_subforum_count":0,"footnotes":""},"class_list":["post-169","page","type-page","status-publish","hentry"],"_links":{"self":[{"href":"http:\/\/wp.df.uba.ar\/gdsc\/wp-json\/wp\/v2\/pages\/169","targetHints":{"allow":["GET"]}}],"collection":[{"href":"http:\/\/wp.df.uba.ar\/gdsc\/wp-json\/wp\/v2\/pages"}],"about":[{"href":"http:\/\/wp.df.uba.ar\/gdsc\/wp-json\/wp\/v2\/types\/page"}],"author":[{"embeddable":true,"href":"http:\/\/wp.df.uba.ar\/gdsc\/wp-json\/wp\/v2\/users\/57"}],"replies":[{"embeddable":true,"href":"http:\/\/wp.df.uba.ar\/gdsc\/wp-json\/wp\/v2\/comments?post=169"}],"version-history":[{"count":26,"href":"http:\/\/wp.df.uba.ar\/gdsc\/wp-json\/wp\/v2\/pages\/169\/revisions"}],"predecessor-version":[{"id":245,"href":"http:\/\/wp.df.uba.ar\/gdsc\/wp-json\/wp\/v2\/pages\/169\/revisions\/245"}],"wp:attachment":[{"href":"http:\/\/wp.df.uba.ar\/gdsc\/wp-json\/wp\/v2\/media?parent=169"}],"curies":[{"name":"wp","href":"https:\/\/api.w.org\/{rel}","templated":true}]}}