{"id":9,"date":"2019-08-29T21:06:24","date_gmt":"2019-08-30T00:06:24","guid":{"rendered":"http:\/\/wp.df.uba.ar\/atmosfera\/?page_id=9"},"modified":"2019-09-08T15:17:02","modified_gmt":"2019-09-08T18:17:02","slug":"enlaces-de-interes","status":"publish","type":"page","link":"http:\/\/wp.df.uba.ar\/atmosfera\/enlaces-de-interes\/","title":{"rendered":"Enlaces de inter\u00e9s"},"content":{"rendered":"<ul style=\"list-style-type: circle\">\n<li><a href=\"http:\/\/www.conicet.gov.ar\" target=\"_blank\" rel=\"noopener noreferrer\">CONICET<\/a><\/li>\n<li><a href=\"https:\/\/www.pa.op.dlr.de\/southtrac\/\" target=\"_blank\" rel=\"noopener noreferrer\">SouthTRAC (Alemania)<\/a><\/li>\n<li><a href=\"https:\/\/perlanproject.org\/\" target=\"_blank\" rel=\"noopener noreferrer\">Perlan Project<\/a><\/li>\n<li><a href=\"https:\/\/cadic.conicet.gov.ar\/estacion-astronomica-rio-grande\/\" target=\"_blank\" rel=\"noopener noreferrer\">Estaci\u00f3n Astron\u00f3mica R\u00edo Grande (EARG)<\/a><\/li>\n<\/ul>\n","protected":false},"excerpt":{"rendered":"<p>CONICET SouthTRAC (Alemania) Perlan Project Estaci\u00f3n Astron\u00f3mica R\u00edo Grande (EARG)<\/p>\n","protected":false},"author":53,"featured_media":0,"parent":0,"menu_order":0,"comment_status":"closed","ping_status":"closed","template":"","meta":{"_bbp_topic_count":0,"_bbp_reply_count":0,"_bbp_total_topic_count":0,"_bbp_total_reply_count":0,"_bbp_voice_count":0,"_bbp_anonymous_reply_count":0,"_bbp_topic_count_hidden":0,"_bbp_reply_count_hidden":0,"_bbp_forum_subforum_count":0,"footnotes":""},"class_list":["post-9","page","type-page","status-publish","hentry","entry"],"_links":{"self":[{"href":"http:\/\/wp.df.uba.ar\/atmosfera\/wp-json\/wp\/v2\/pages\/9","targetHints":{"allow":["GET"]}}],"collection":[{"href":"http:\/\/wp.df.uba.ar\/atmosfera\/wp-json\/wp\/v2\/pages"}],"about":[{"href":"http:\/\/wp.df.uba.ar\/atmosfera\/wp-json\/wp\/v2\/types\/page"}],"author":[{"embeddable":true,"href":"http:\/\/wp.df.uba.ar\/atmosfera\/wp-json\/wp\/v2\/users\/53"}],"replies":[{"embeddable":true,"href":"http:\/\/wp.df.uba.ar\/atmosfera\/wp-json\/wp\/v2\/comments?post=9"}],"version-history":[{"count":4,"href":"http:\/\/wp.df.uba.ar\/atmosfera\/wp-json\/wp\/v2\/pages\/9\/revisions"}],"predecessor-version":[{"id":164,"href":"http:\/\/wp.df.uba.ar\/atmosfera\/wp-json\/wp\/v2\/pages\/9\/revisions\/164"}],"wp:attachment":[{"href":"http:\/\/wp.df.uba.ar\/atmosfera\/wp-json\/wp\/v2\/media?parent=9"}],"curies":[{"name":"wp","href":"https:\/\/api.w.org\/{rel}","templated":true}]}}