{"id":84,"date":"2019-08-30T21:29:06","date_gmt":"2019-08-31T00:29:06","guid":{"rendered":"http:\/\/wp.df.uba.ar\/atmosfera\/?page_id=84"},"modified":"2021-01-09T19:07:54","modified_gmt":"2021-01-09T22:07:54","slug":"inicio","status":"publish","type":"page","link":"http:\/\/wp.df.uba.ar\/atmosfera\/","title":{"rendered":"GDA"},"content":{"rendered":"<p>El Grupo de Din\u00e1mica Atmosf\u00e9rica (GDA) est\u00e1 conformado por investigadores del <a href=\"http:\/\/www.conicet.gov.ar\" target=\"_blank\" rel=\"noopener noreferrer\">CONICET<\/a> y lleva m\u00e1s de 25 a\u00f1os trabajando en temas vinculados a diversos aspectos de la f\u00edsica de aquel medio terrestre. Est\u00e1 integrado por los Dres <a href=\"https:\/\/www.conicet.gov.ar\/new_scp\/detalle.php?id=21527&amp;keywords=torre&amp;datos_academicos=yes\" target=\"_blank\" rel=\"noopener noreferrer\">Alejandro de la Torre<\/a>, <a href=\"https:\/\/www.conicet.gov.ar\/new_scp\/detalle.php?id=29421&amp;keywords=llamedo&amp;datos_academicos=yes\" target=\"_blank\" rel=\"noopener noreferrer\">Pablo Llamedo<\/a> y <a href=\"https:\/\/www.conicet.gov.ar\/new_scp\/detalle.php?id=34018&amp;keywords=hierro&amp;datos_academicos=yes\" target=\"_blank\" rel=\"noopener noreferrer\">Rodrigo Hierro<\/a> con lugar de trabajo en el <a href=\"https:\/\/www.gba.gob.ar\/cic\/informacion_de_centros\/lidtua\" target=\"_blank\" rel=\"noopener noreferrer\">LIDTUA<\/a> ubicado en la <a href=\"http:\/\/www.austral.edu.ar\/ingenieria\/\" target=\"_blank\" rel=\"noopener noreferrer\">Facultad de Ingenier\u00eda de la Universidad Austral<\/a> y <a href=\"https:\/\/www.conicet.gov.ar\/new_scp\/detalle.php?id=19932&amp;keywords=alexander&amp;datos_academicos=yes\" target=\"_blank\" rel=\"noopener noreferrer\">Peter Alexander<\/a> en el <a href=\"https:\/\/www.conicet.gov.ar\/new_scp\/detalle.php?id=22255&amp;info_general=yes&amp;inst=yes\" target=\"_blank\" rel=\"noopener noreferrer\">IFIBA del CONICET<\/a>. Se encuentran actualmente tambi\u00e9n haciendo sus Tesis de Doctorado la Lic. Ximena Orsi y la Lic. <a href=\"https:\/\/www.conicet.gov.ar\/new_scp\/detalle.php?id=55191&amp;keywords=fonseca&amp;datos_academicos=yes\" target=\"_blank\" rel=\"noopener noreferrer\">Yuditsabet Burgos Fonseca<\/a>. Las \u00e1reas actuales de trabajo incluyen ondas de gravedad, fen\u00f3menos de convecci\u00f3n profunda, big data en datos atmosf\u00e9ricos y sensado remoto de vapor de agua y humedad del suelo. Se puede acceder al listado de publicaciones en revistas cient\u00edficas de los investigadores del GDA en bases de datos internacionales:<\/p>\n<ul style=\"list-style-type: circle\">\n<li>Alejandro de la Torre: <a href=\"https:\/\/orcid.org\/0000-0002-4950-5638\" target=\"_blank\" rel=\"noopener noreferrer\">Orcid<\/a>, <a href=\"http:\/\/users.df.uba.ar\/peter\/ORCID_AT.png\" target=\"_blank\" rel=\"noopener noreferrer\">Orcid QR<\/a>, <a href=\"https:\/\/www.scopus.com\/authid\/detail.uri?authorId=7101603823\" target=\"_blank\" rel=\"noopener noreferrer\">Scopus<\/a><\/li>\n<li>Peter Alexander: <a href=\"https:\/\/orcid.org\/0000-0001-9455-2487\" target=\"_blank\" rel=\"noopener noreferrer\">Orcid<\/a>, <a href=\"http:\/\/users.df.uba.ar\/peter\/ORCID_PA.png\" target=\"_blank\" rel=\"noopener noreferrer\">Orcid QR<\/a>, <a href=\"https:\/\/www.scopus.com\/authid\/detail.uri?authorId=56418945600\" target=\"_blank\" rel=\"noopener noreferrer\">Scopus<\/a>, <a href=\"https:\/\/scholar.google.com\/citations?user=Zu8HKMwAAAAJ&amp;hl=es&amp;oi=sra\" target=\"_blank\" rel=\"noopener noreferrer\">Google Scholar<\/a><\/li>\n<li>Pablo Llamedo: <a href=\"https:\/\/orcid.org\/0000-0002-7128-5395\" target=\"_blank\" rel=\"noopener noreferrer\">Orcid<\/a>, <a href=\"http:\/\/users.df.uba.ar\/peter\/ORCID_PL.jpeg\" target=\"_blank\" rel=\"noopener noreferrer\">Orcid QR<\/a>, <a href=\"https:\/\/www.scopus.com\/authid\/detail.uri?authorId=19337701400\" target=\"_blank\" rel=\"noopener noreferrer\">Scopus<\/a><\/li>\n<li>Rodrigo Hierro: <a href=\"https:\/\/orcid.org\/0000-0001-7835-8801\" target=\"_blank\" rel=\"noopener noreferrer\">Orcid<\/a>, <a href=\"http:\/\/users.df.uba.ar\/peter\/ORCID_RH.jpg\" target=\"_blank\" rel=\"noopener noreferrer\">Orcid QR<\/a>, <a href=\"https:\/\/www.scopus.com\/authid\/detail.uri?authorId=41361312600\" target=\"_blank\" rel=\"noopener noreferrer\">Scopus<\/a><\/li>\n<\/ul>\n","protected":false},"excerpt":{"rendered":"<p>El Grupo de Din\u00e1mica Atmosf\u00e9rica (GDA) est\u00e1 conformado por investigadores del CONICET y lleva m\u00e1s de 25 a\u00f1os trabajando en temas vinculados a diversos aspectos de la f\u00edsica de aquel medio terrestre. Est\u00e1 integrado por los Dres Alejandro de la Torre, Pablo Llamedo y Rodrigo Hierro con lugar de trabajo en el LIDTUA ubicado en &hellip; <\/p>\n<p class=\"link-more\"><a href=\"http:\/\/wp.df.uba.ar\/atmosfera\/\" class=\"more-link\">Seguir leyendo<span class=\"screen-reader-text\"> \u00abGDA\u00bb<\/span><\/a><\/p>\n","protected":false},"author":53,"featured_media":0,"parent":0,"menu_order":0,"comment_status":"closed","ping_status":"closed","template":"","meta":{"_bbp_topic_count":0,"_bbp_reply_count":0,"_bbp_total_topic_count":0,"_bbp_total_reply_count":0,"_bbp_voice_count":0,"_bbp_anonymous_reply_count":0,"_bbp_topic_count_hidden":0,"_bbp_reply_count_hidden":0,"_bbp_forum_subforum_count":0,"footnotes":""},"class_list":["post-84","page","type-page","status-publish","hentry","entry"],"_links":{"self":[{"href":"http:\/\/wp.df.uba.ar\/atmosfera\/wp-json\/wp\/v2\/pages\/84","targetHints":{"allow":["GET"]}}],"collection":[{"href":"http:\/\/wp.df.uba.ar\/atmosfera\/wp-json\/wp\/v2\/pages"}],"about":[{"href":"http:\/\/wp.df.uba.ar\/atmosfera\/wp-json\/wp\/v2\/types\/page"}],"author":[{"embeddable":true,"href":"http:\/\/wp.df.uba.ar\/atmosfera\/wp-json\/wp\/v2\/users\/53"}],"replies":[{"embeddable":true,"href":"http:\/\/wp.df.uba.ar\/atmosfera\/wp-json\/wp\/v2\/comments?post=84"}],"version-history":[{"count":17,"href":"http:\/\/wp.df.uba.ar\/atmosfera\/wp-json\/wp\/v2\/pages\/84\/revisions"}],"predecessor-version":[{"id":452,"href":"http:\/\/wp.df.uba.ar\/atmosfera\/wp-json\/wp\/v2\/pages\/84\/revisions\/452"}],"wp:attachment":[{"href":"http:\/\/wp.df.uba.ar\/atmosfera\/wp-json\/wp\/v2\/media?parent=84"}],"curies":[{"name":"wp","href":"https:\/\/api.w.org\/{rel}","templated":true}]}}