{"id":41,"date":"2019-08-30T16:16:29","date_gmt":"2019-08-30T19:16:29","guid":{"rendered":"http:\/\/wp.df.uba.ar\/atmosfera\/?page_id=41"},"modified":"2020-09-29T14:22:18","modified_gmt":"2020-09-29T17:22:18","slug":"imagenes-y-videos","status":"publish","type":"page","link":"http:\/\/wp.df.uba.ar\/atmosfera\/imagenes-y-videos\/","title":{"rendered":"Im\u00e1genes y videos"},"content":{"rendered":"\n<figure class=\"wp-block-image\"><img loading=\"lazy\" decoding=\"async\" width=\"1024\" height=\"768\" src=\"http:\/\/wp.df.uba.ar\/atmosfera\/wp-content\/uploads\/sites\/34\/2019\/08\/avi\u00f3nGULFSTREAMinstrumentos-1024x768.jpg\" alt=\"\" class=\"wp-image-131\" srcset=\"http:\/\/wp.df.uba.ar\/atmosfera\/wp-content\/uploads\/sites\/34\/2019\/08\/avi\u00f3nGULFSTREAMinstrumentos-1024x768.jpg 1024w, http:\/\/wp.df.uba.ar\/atmosfera\/wp-content\/uploads\/sites\/34\/2019\/08\/avi\u00f3nGULFSTREAMinstrumentos-300x225.jpg 300w, http:\/\/wp.df.uba.ar\/atmosfera\/wp-content\/uploads\/sites\/34\/2019\/08\/avi\u00f3nGULFSTREAMinstrumentos-768x576.jpg 768w, http:\/\/wp.df.uba.ar\/atmosfera\/wp-content\/uploads\/sites\/34\/2019\/08\/avi\u00f3nGULFSTREAMinstrumentos-1568x1176.jpg 1568w, http:\/\/wp.df.uba.ar\/atmosfera\/wp-content\/uploads\/sites\/34\/2019\/08\/avi\u00f3nGULFSTREAMinstrumentos.jpg 2000w\" sizes=\"auto, (max-width: 1024px) 100vw, 1024px\" \/><figcaption><strong>Gulfstream G550 denominado HALO (High Altitude and Long Range Research Aircraft) con instrumental a bordo<\/strong><\/figcaption><\/figure>\n\n\n\n<hr class=\"wp-block-separator is-style-wide\" \/>\n\n\n\n<p><a href=\"http:\/\/users.df.uba.ar\/peter\/Evoluci%c3%b3nDiariaV%c3%b3rticeSep2018.avi\" rel=\"noopener noreferrer\">Evoluci\u00f3n Diaria del V\u00f3rtice Ant\u00e1rtico a diversas alturas en Septiembre 2018 (Video)<\/a><\/p>\n\n\n\n<hr class=\"wp-block-separator is-style-wide\" \/>\n\n\n<p><a href=\"http:\/\/users.df.uba.ar\/peter\/OndasDeGravedadIon%c3%b3sfera27a28Nov2018.mp4\" target=\"_blank\" rel=\"noopener noreferrer\">Im\u00e1genes de ondas de gravedad en el Mapeador de Temperaturas de la Baja Ion\u00f3sfera ubicado en la Estaci\u00f3n Astron\u00f3mica de R\u00edo Grande durante la Noche del 27 al 28 de Noviembre de 2018&nbsp; (Video)<\/a><\/p>\n\n\n<hr class=\"wp-block-separator is-style-wide\" \/>\n\n\n\n<p><a href=\"http:\/\/users.df.uba.ar\/peter\/Wissenschaft_leben_IPA_Spot_1080p30_h264.mov\" target=\"_blank\" rel=\"noreferrer noopener\">Institut f\u00fcr Physik der Atmosph\u00e4re, Deutsches Zentrum f\u00fcr Luft- und Raumfahrt (Video en alem\u00e1n)<\/a><\/p>\n\n\n\n<hr class=\"wp-block-separator is-style-wide\" \/>\n\n\n\n<p><a href=\"http:\/\/users.df.uba.ar\/peter\/SouthTRAC_Video_short_low.mp4\" target=\"_blank\" rel=\"noreferrer noopener\">SouthTRAC (Video breve)<\/a><\/p>\n\n\n\n<hr class=\"wp-block-separator is-style-wide\" \/>\n\n\n\n<p><a href=\"http:\/\/users.df.uba.ar\/peter\/SouthTRAC_Video_long_low.mp4\" target=\"_blank\" rel=\"noreferrer noopener\">SouthTRAC (Video largo, en ingl\u00e9s y alem\u00e1n)<\/a><\/p>\n","protected":false},"excerpt":{"rendered":"<p>Evoluci\u00f3n Diaria del V\u00f3rtice Ant\u00e1rtico a diversas alturas en Septiembre 2018 (Video) Im\u00e1genes de ondas de gravedad en el Mapeador de Temperaturas de la Baja Ion\u00f3sfera ubicado en la Estaci\u00f3n Astron\u00f3mica de R\u00edo Grande durante la Noche del 27 al 28 de Noviembre de 2018&nbsp; (Video) Institut f\u00fcr Physik der Atmosph\u00e4re, Deutsches Zentrum f\u00fcr Luft- &hellip; <\/p>\n<p class=\"link-more\"><a href=\"http:\/\/wp.df.uba.ar\/atmosfera\/imagenes-y-videos\/\" class=\"more-link\">Seguir leyendo<span class=\"screen-reader-text\"> \u00abIm\u00e1genes y videos\u00bb<\/span><\/a><\/p>\n","protected":false},"author":53,"featured_media":0,"parent":0,"menu_order":0,"comment_status":"closed","ping_status":"closed","template":"","meta":{"_bbp_topic_count":0,"_bbp_reply_count":0,"_bbp_total_topic_count":0,"_bbp_total_reply_count":0,"_bbp_voice_count":0,"_bbp_anonymous_reply_count":0,"_bbp_topic_count_hidden":0,"_bbp_reply_count_hidden":0,"_bbp_forum_subforum_count":0,"footnotes":""},"class_list":["post-41","page","type-page","status-publish","hentry","entry"],"_links":{"self":[{"href":"http:\/\/wp.df.uba.ar\/atmosfera\/wp-json\/wp\/v2\/pages\/41","targetHints":{"allow":["GET"]}}],"collection":[{"href":"http:\/\/wp.df.uba.ar\/atmosfera\/wp-json\/wp\/v2\/pages"}],"about":[{"href":"http:\/\/wp.df.uba.ar\/atmosfera\/wp-json\/wp\/v2\/types\/page"}],"author":[{"embeddable":true,"href":"http:\/\/wp.df.uba.ar\/atmosfera\/wp-json\/wp\/v2\/users\/53"}],"replies":[{"embeddable":true,"href":"http:\/\/wp.df.uba.ar\/atmosfera\/wp-json\/wp\/v2\/comments?post=41"}],"version-history":[{"count":15,"href":"http:\/\/wp.df.uba.ar\/atmosfera\/wp-json\/wp\/v2\/pages\/41\/revisions"}],"predecessor-version":[{"id":449,"href":"http:\/\/wp.df.uba.ar\/atmosfera\/wp-json\/wp\/v2\/pages\/41\/revisions\/449"}],"wp:attachment":[{"href":"http:\/\/wp.df.uba.ar\/atmosfera\/wp-json\/wp\/v2\/media?parent=41"}],"curies":[{"name":"wp","href":"https:\/\/api.w.org\/{rel}","templated":true}]}}