{"id":23,"date":"2019-08-30T10:36:13","date_gmt":"2019-08-30T13:36:13","guid":{"rendered":"http:\/\/wp.df.uba.ar\/atmosfera\/?page_id=23"},"modified":"2019-10-08T09:44:07","modified_gmt":"2019-10-08T12:44:07","slug":"southtrac","status":"publish","type":"page","link":"http:\/\/wp.df.uba.ar\/atmosfera\/southtrac\/","title":{"rendered":"SouthTRAC"},"content":{"rendered":"\n<div class=\"wp-block-image\"><figure class=\"aligncenter\"><img loading=\"lazy\" decoding=\"async\" width=\"276\" height=\"246\" src=\"http:\/\/wp.df.uba.ar\/atmosfera\/wp-content\/uploads\/sites\/34\/2019\/08\/ST-1.jpg\" alt=\"\" class=\"wp-image-99\" \/><\/figure><\/div>\n\n\n\n<figure class=\"wp-block-image alignwide\"><img loading=\"lazy\" decoding=\"async\" width=\"306\" height=\"306\" src=\"https:\/\/wp.df.uba.ar\/atmosfera\/wp-content\/uploads\/sites\/34\/2019\/08\/GW.jpg\" alt=\"\" class=\"wp-image-26\" srcset=\"http:\/\/wp.df.uba.ar\/atmosfera\/wp-content\/uploads\/sites\/34\/2019\/08\/GW.jpg 306w, http:\/\/wp.df.uba.ar\/atmosfera\/wp-content\/uploads\/sites\/34\/2019\/08\/GW-150x150.jpg 150w, http:\/\/wp.df.uba.ar\/atmosfera\/wp-content\/uploads\/sites\/34\/2019\/08\/GW-300x300.jpg 300w, http:\/\/wp.df.uba.ar\/atmosfera\/wp-content\/uploads\/sites\/34\/2019\/08\/GW-144x144.jpg 144w\" sizes=\"auto, (max-width: 306px) 100vw, 306px\" \/><figcaption><strong>Representaci\u00f3n de la intensidad de las ondas de gravedad en invierno sobre la Patagonia<\/strong><\/figcaption><\/figure>\n\n\n\n<p style=\"text-align: left\">Del 8 de Septiembre al 27 de Noviembre de 2019 con la participaci\u00f3n protag\u00f3nica de varias instituciones acad\u00e9micas y cient\u00edficas alemanas se iniciar\u00e1 un experimento atmosf\u00e9rico sin precedente en nuestro pa\u00eds. El mismo se realizar\u00e1 sobre el extremo sur de la Patagonia y la Pen\u00ednsula Ant\u00e1rtica y se denomina Proyecto SouthTRAC (Transport and Composition of the Southern Hemisphere Upper Troposphere and Lower Stratosphere). Se contar\u00e1 con varios instrumentos de medici\u00f3n de \u00faltima generaci\u00f3n, instalados a bordo de un avi\u00f3n alem\u00e1n Gulfstream especialmente preparado, adem\u00e1s de equipamiento cient\u00edfico ubicado a nivel del mar y a bordo de sat\u00e9lites. Los objetivos de la campa\u00f1a incluyen comprender los procesos din\u00e1micos y qu\u00edmicos que afectan a sectores de dos capas de nuestra atm\u00f3sfera (la trop\u00f3sfera superior y la estrat\u00f3sfera inferior) en la parte m\u00e1s austral del hemisferio sur, estudiar las ondas de gravedad en esa zona y evaluar el comportamiento del v\u00f3rtice ant\u00e1rtico y la quema de biomasa.\u00a0<br \/><br \/>Permanecer\u00e1n aproximadamente 50 especialistas alemanes durante 3 meses (cient\u00edficos y t\u00e9cnicos) en las bases de las operaciones en R\u00edo Grande y El Calafate. Las principales instituciones participantes son:<\/p>\n\n\n\n<figure class=\"wp-block-image\"><img loading=\"lazy\" decoding=\"async\" width=\"548\" height=\"711\" src=\"http:\/\/wp.df.uba.ar\/atmosfera\/wp-content\/uploads\/sites\/34\/2019\/10\/Partners.jpg\" alt=\"\" class=\"wp-image-384\" srcset=\"http:\/\/wp.df.uba.ar\/atmosfera\/wp-content\/uploads\/sites\/34\/2019\/10\/Partners.jpg 548w, http:\/\/wp.df.uba.ar\/atmosfera\/wp-content\/uploads\/sites\/34\/2019\/10\/Partners-231x300.jpg 231w\" sizes=\"auto, (max-width: 548px) 100vw, 548px\" \/><\/figure>\n","protected":false},"excerpt":{"rendered":"<p>Del 8 de Septiembre al 27 de Noviembre de 2019 con la participaci\u00f3n protag\u00f3nica de varias instituciones acad\u00e9micas y cient\u00edficas alemanas se iniciar\u00e1 un experimento atmosf\u00e9rico sin precedente en nuestro pa\u00eds. El mismo se realizar\u00e1 sobre el extremo sur de la Patagonia y la Pen\u00ednsula Ant\u00e1rtica y se denomina Proyecto SouthTRAC (Transport and Composition of &hellip; <\/p>\n<p class=\"link-more\"><a href=\"http:\/\/wp.df.uba.ar\/atmosfera\/southtrac\/\" class=\"more-link\">Seguir leyendo<span class=\"screen-reader-text\"> \u00abSouthTRAC\u00bb<\/span><\/a><\/p>\n","protected":false},"author":53,"featured_media":0,"parent":0,"menu_order":0,"comment_status":"closed","ping_status":"closed","template":"","meta":{"_bbp_topic_count":0,"_bbp_reply_count":0,"_bbp_total_topic_count":0,"_bbp_total_reply_count":0,"_bbp_voice_count":0,"_bbp_anonymous_reply_count":0,"_bbp_topic_count_hidden":0,"_bbp_reply_count_hidden":0,"_bbp_forum_subforum_count":0,"footnotes":""},"class_list":["post-23","page","type-page","status-publish","hentry","entry"],"_links":{"self":[{"href":"http:\/\/wp.df.uba.ar\/atmosfera\/wp-json\/wp\/v2\/pages\/23","targetHints":{"allow":["GET"]}}],"collection":[{"href":"http:\/\/wp.df.uba.ar\/atmosfera\/wp-json\/wp\/v2\/pages"}],"about":[{"href":"http:\/\/wp.df.uba.ar\/atmosfera\/wp-json\/wp\/v2\/types\/page"}],"author":[{"embeddable":true,"href":"http:\/\/wp.df.uba.ar\/atmosfera\/wp-json\/wp\/v2\/users\/53"}],"replies":[{"embeddable":true,"href":"http:\/\/wp.df.uba.ar\/atmosfera\/wp-json\/wp\/v2\/comments?post=23"}],"version-history":[{"count":21,"href":"http:\/\/wp.df.uba.ar\/atmosfera\/wp-json\/wp\/v2\/pages\/23\/revisions"}],"predecessor-version":[{"id":386,"href":"http:\/\/wp.df.uba.ar\/atmosfera\/wp-json\/wp\/v2\/pages\/23\/revisions\/386"}],"wp:attachment":[{"href":"http:\/\/wp.df.uba.ar\/atmosfera\/wp-json\/wp\/v2\/media?parent=23"}],"curies":[{"name":"wp","href":"https:\/\/api.w.org\/{rel}","templated":true}]}}